{"id":1016,"date":"2024-08-22T14:44:08","date_gmt":"2024-08-22T12:44:08","guid":{"rendered":"https:\/\/archprojekt.de\/?page_id=1016"},"modified":"2025-02-21T12:37:59","modified_gmt":"2025-02-21T11:37:59","slug":"energieberatung-energieausweis","status":"publish","type":"page","link":"https:\/\/archprojekt.de\/index.php\/energieberatung-energieausweis\/","title":{"rendered":"Energieberatung &#8211; Energieausweis"},"content":{"rendered":"\t\t<div data-elementor-type=\"wp-page\" data-elementor-id=\"1016\" class=\"elementor elementor-1016\" data-elementor-post-type=\"page\">\n\t\t\t\t<div class=\"elementor-element elementor-element-58f49acd e-flex e-con-boxed e-con e-parent\" data-id=\"58f49acd\" data-element_type=\"container\" data-e-type=\"container\">\n\t\t\t\t\t<div class=\"e-con-inner\">\n\t\t<div class=\"elementor-element elementor-element-1b398b4e e-flex e-con-boxed e-con e-child\" data-id=\"1b398b4e\" data-element_type=\"container\" data-e-type=\"container\">\n\t\t\t\t\t<div class=\"e-con-inner\">\n\t\t\t\t<div class=\"elementor-element elementor-element-717af5c8 elementor-widget elementor-widget-image\" data-id=\"717af5c8\" data-element_type=\"widget\" data-e-type=\"widget\" data-widget_type=\"image.default\">\n\t\t\t\t<div class=\"elementor-widget-container\">\n\t\t\t\t\t\t\t\t\t\t\t\t\t\t\t<img fetchpriority=\"high\" decoding=\"async\" width=\"800\" height=\"532\" src=\"https:\/\/archprojekt.de\/wp-content\/uploads\/2024\/08\/Energieausweis.svg\" class=\"attachment-large size-large wp-image-1018\" alt=\"\" \/>\t\t\t\t\t\t\t\t\t\t\t\t\t\t\t<\/div>\n\t\t\t\t<\/div>\n\t\t\t\t<div class=\"elementor-element elementor-element-5010999b elementor-widget elementor-widget-heading\" data-id=\"5010999b\" data-element_type=\"widget\" data-e-type=\"widget\" data-widget_type=\"heading.default\">\n\t\t\t\t<div class=\"elementor-widget-container\">\n\t\t\t\t\t<h2 class=\"elementor-heading-title elementor-size-default\">Energieausweis<\/h2>\t\t\t\t<\/div>\n\t\t\t\t<\/div>\n\t\t\t\t\t<\/div>\n\t\t\t\t<\/div>\n\t\t\t\t\t<\/div>\n\t\t\t\t<\/div>\n\t\t<div class=\"elementor-element elementor-element-1765e216 e-flex e-con-boxed e-con e-parent\" data-id=\"1765e216\" data-element_type=\"container\" data-e-type=\"container\" data-settings=\"{&quot;background_background&quot;:&quot;classic&quot;}\">\n\t\t\t\t\t<div class=\"e-con-inner\">\n\t\t<div class=\"elementor-element elementor-element-7c6f180 e-flex e-con-boxed e-con e-child\" data-id=\"7c6f180\" data-element_type=\"container\" data-e-type=\"container\">\n\t\t\t\t\t<div class=\"e-con-inner\">\n\t\t\t\t<div class=\"elementor-element elementor-element-59dee24e elementor-widget elementor-widget-text-editor\" data-id=\"59dee24e\" data-element_type=\"widget\" data-e-type=\"widget\" data-widget_type=\"text-editor.default\">\n\t\t\t\t<div class=\"elementor-widget-container\">\n\t\t\t\t\t\t\t\t\t<p>Ein Energieausweis ist ein verpflichtendes Dokument, das bei Verkauf, Vermietung oder Modernisierung eines Geb\u00e4udes vorgelegt werden muss. Er gibt Auskunft \u00fcber den Energiebedarf oder Energieverbrauch einer Immobilie und hilft potenziellen K\u00e4ufern oder Mietern, die zu erwartenden Energiekosten und die Energieeffizienz des Geb\u00e4udes zu beurteilen. Der Energieausweis teilt Geb\u00e4ude in Effizienzklassen ein, die von A+ (sehr effizient) bis H (weniger effizient) reichen.<br \/><br \/>Wir erstellen sowohl Bedarfsenergieausweise als auch Verbrauchsenergieausweise, abh\u00e4ngig von der Art der Immobilie und den gesetzlichen Vorgaben. Beim Bedarfsausweis wird der theoretische Energiebedarf auf Grundlage der Geb\u00e4udeeigenschaften berechnet, w\u00e4hrend der Verbrauchsausweis auf den tats\u00e4chlichen Energieverbrauch der letzten Jahre basiert.<br \/><br \/>Durch die Erstellung des Energieausweises erhalten Sie einen klaren \u00dcberblick \u00fcber den energetischen Zustand Ihres Geb\u00e4udes. Zudem zeigen wir Ihnen m\u00f6gliche Sanierungspotenziale auf, um den Energieverbrauch zu senken und die Energieeffizienz zu steigern. Dies kann nicht nur den Wert Ihrer Immobilie erh\u00f6hen, sondern auch Ihre Energiekosten langfristig reduzieren.<\/p>\t\t\t\t\t\t\t\t<\/div>\n\t\t\t\t<\/div>\n\t\t\t\t\t<\/div>\n\t\t\t\t<\/div>\n\t\t\t\t\t<\/div>\n\t\t\t\t<\/div>\n\t\t<div class=\"elementor-element elementor-element-63ec4b7 e-flex e-con-boxed e-con e-parent\" data-id=\"63ec4b7\" data-element_type=\"container\" data-e-type=\"container\" data-settings=\"{&quot;background_background&quot;:&quot;classic&quot;}\">\n\t\t\t\t\t<div class=\"e-con-inner\">\n\t\t<div class=\"elementor-element elementor-element-3af10395 e-flex e-con-boxed e-con e-child\" data-id=\"3af10395\" data-element_type=\"container\" data-e-type=\"container\">\n\t\t\t\t\t<div class=\"e-con-inner\">\n\t\t<div class=\"elementor-element elementor-element-3bcfe8ce e-con-full e-flex e-con e-child\" data-id=\"3bcfe8ce\" data-element_type=\"container\" data-e-type=\"container\">\n\t\t\t\t<\/div>\n\t\t<div class=\"elementor-element elementor-element-51b52d02 e-con-full e-flex e-con e-child\" data-id=\"51b52d02\" data-element_type=\"container\" data-e-type=\"container\">\n\t\t\t\t<\/div>\n\t\t\t\t\t<\/div>\n\t\t\t\t<\/div>\n\t\t\t\t\t<\/div>\n\t\t\t\t<\/div>\n\t\t\t\t<\/div>\n\t\t","protected":false},"excerpt":{"rendered":"<p>Energieausweis Ein Energieausweis ist ein verpflichtendes Dokument, das bei Verkauf, Vermietung oder Modernisierung eines Geb\u00e4udes vorgelegt werden muss. Er gibt Auskunft \u00fcber den Energiebedarf oder Energieverbrauch einer Immobilie und hilft potenziellen K\u00e4ufern oder Mietern, die zu erwartenden Energiekosten und die Energieeffizienz des Geb\u00e4udes zu beurteilen. Der Energieausweis teilt Geb\u00e4ude in Effizienzklassen ein, die von A+ [&hellip;]<\/p>\n","protected":false},"author":1,"featured_media":0,"parent":0,"menu_order":0,"comment_status":"closed","ping_status":"closed","template":"elementor_header_footer","meta":{"two_page_speed":[],"footnotes":""},"class_list":["post-1016","page","type-page","status-publish","hentry"],"_links":{"self":[{"href":"https:\/\/archprojekt.de\/index.php\/wp-json\/wp\/v2\/pages\/1016","targetHints":{"allow":["GET"]}}],"collection":[{"href":"https:\/\/archprojekt.de\/index.php\/wp-json\/wp\/v2\/pages"}],"about":[{"href":"https:\/\/archprojekt.de\/index.php\/wp-json\/wp\/v2\/types\/page"}],"author":[{"embeddable":true,"href":"https:\/\/archprojekt.de\/index.php\/wp-json\/wp\/v2\/users\/1"}],"replies":[{"embeddable":true,"href":"https:\/\/archprojekt.de\/index.php\/wp-json\/wp\/v2\/comments?post=1016"}],"version-history":[{"count":7,"href":"https:\/\/archprojekt.de\/index.php\/wp-json\/wp\/v2\/pages\/1016\/revisions"}],"predecessor-version":[{"id":2530,"href":"https:\/\/archprojekt.de\/index.php\/wp-json\/wp\/v2\/pages\/1016\/revisions\/2530"}],"wp:attachment":[{"href":"https:\/\/archprojekt.de\/index.php\/wp-json\/wp\/v2\/media?parent=1016"}],"curies":[{"name":"wp","href":"https:\/\/api.w.org\/{rel}","templated":true}]}}