{"id":1031,"date":"2024-08-22T15:02:15","date_gmt":"2024-08-22T13:02:15","guid":{"rendered":"https:\/\/archprojekt.de\/?page_id=1031"},"modified":"2025-02-21T12:41:02","modified_gmt":"2025-02-21T11:41:02","slug":"energieberatung-foerdermittelberatung","status":"publish","type":"page","link":"https:\/\/archprojekt.de\/index.php\/energieberatung-foerdermittelberatung\/","title":{"rendered":"Energieberatung &#8211; F\u00f6rdermittelberatung"},"content":{"rendered":"\t\t<div data-elementor-type=\"wp-page\" data-elementor-id=\"1031\" class=\"elementor elementor-1031\" data-elementor-post-type=\"page\">\n\t\t\t\t<div class=\"elementor-element elementor-element-3e7d59e5 e-flex e-con-boxed e-con e-parent\" data-id=\"3e7d59e5\" data-element_type=\"container\" data-e-type=\"container\">\n\t\t\t\t\t<div class=\"e-con-inner\">\n\t\t<div class=\"elementor-element elementor-element-165c1a08 e-flex e-con-boxed e-con e-child\" data-id=\"165c1a08\" data-element_type=\"container\" data-e-type=\"container\">\n\t\t\t\t\t<div class=\"e-con-inner\">\n\t\t\t\t<div class=\"elementor-element elementor-element-76c17a03 elementor-widget elementor-widget-image\" data-id=\"76c17a03\" data-element_type=\"widget\" data-e-type=\"widget\" data-widget_type=\"image.default\">\n\t\t\t\t<div class=\"elementor-widget-container\">\n\t\t\t\t\t\t\t\t\t\t\t\t\t\t\t<img fetchpriority=\"high\" decoding=\"async\" width=\"800\" height=\"534\" src=\"https:\/\/archprojekt.de\/wp-content\/uploads\/2024\/08\/Beratung-bei-Steuerlicher-Foerderung-energetischer-Gebaeudesanierung.svg\" class=\"attachment-large size-large wp-image-988\" alt=\"\" \/>\t\t\t\t\t\t\t\t\t\t\t\t\t\t\t<\/div>\n\t\t\t\t<\/div>\n\t\t\t\t<div class=\"elementor-element elementor-element-734880aa elementor-widget elementor-widget-heading\" data-id=\"734880aa\" data-element_type=\"widget\" data-e-type=\"widget\" data-widget_type=\"heading.default\">\n\t\t\t\t<div class=\"elementor-widget-container\">\n\t\t\t\t\t<h2 class=\"elementor-heading-title elementor-size-default\">F\u00f6rdermittelberatung<\/h2>\t\t\t\t<\/div>\n\t\t\t\t<\/div>\n\t\t\t\t\t<\/div>\n\t\t\t\t<\/div>\n\t\t\t\t\t<\/div>\n\t\t\t\t<\/div>\n\t\t<div class=\"elementor-element elementor-element-33377c45 e-flex e-con-boxed e-con e-parent\" data-id=\"33377c45\" data-element_type=\"container\" data-e-type=\"container\" data-settings=\"{&quot;background_background&quot;:&quot;classic&quot;}\">\n\t\t\t\t\t<div class=\"e-con-inner\">\n\t\t<div class=\"elementor-element elementor-element-454a9e52 e-flex e-con-boxed e-con e-child\" data-id=\"454a9e52\" data-element_type=\"container\" data-e-type=\"container\">\n\t\t\t\t\t<div class=\"e-con-inner\">\n\t\t\t\t<div class=\"elementor-element elementor-element-1f78163f elementor-widget elementor-widget-text-editor\" data-id=\"1f78163f\" data-element_type=\"widget\" data-e-type=\"widget\" data-widget_type=\"text-editor.default\">\n\t\t\t\t<div class=\"elementor-widget-container\">\n\t\t\t\t\t\t\t\t\t<p>Ob energetische Sanierung, Neubau oder Modernisierung \u2013 es gibt zahlreiche F\u00f6rderprogramme von Bund, L\u00e4ndern und Kommunen, die Ihnen helfen, Ihr Projekt wirtschaftlich zu realisieren. Diese F\u00f6rdermittel k\u00f6nnen in Form von Zusch\u00fcssen, zinsg\u00fcnstigen Darlehen oder Steuererleichterungen bereitgestellt werden und erleichtern Ihnen die Finanzierung Ihrer Bauvorhaben erheblich.<br \/><br \/>Wir beraten Sie umfassend \u00fcber die aktuellen F\u00f6rderm\u00f6glichkeiten, die speziell auf Ihr Bauprojekt zugeschnitten sind. Dazu geh\u00f6ren unter anderem F\u00f6rderungen f\u00fcr energieeffizientes Bauen, den Einsatz von erneuerbaren Energien und barrierefreies Bauen. Mit unserer Expertise helfen wir Ihnen, die F\u00f6rderantr\u00e4ge korrekt und fristgerecht zu stellen und sorgen daf\u00fcr, dass Sie das Maximum an Unterst\u00fctzung erhalten.<\/p>\t\t\t\t\t\t\t\t<\/div>\n\t\t\t\t<\/div>\n\t\t\t\t\t<\/div>\n\t\t\t\t<\/div>\n\t\t\t\t\t<\/div>\n\t\t\t\t<\/div>\n\t\t<div class=\"elementor-element elementor-element-2ecfb67e e-flex e-con-boxed e-con e-parent\" data-id=\"2ecfb67e\" data-element_type=\"container\" data-e-type=\"container\" data-settings=\"{&quot;background_background&quot;:&quot;classic&quot;}\">\n\t\t\t\t\t<div class=\"e-con-inner\">\n\t\t<div class=\"elementor-element elementor-element-3ba0fdc e-flex e-con-boxed e-con e-child\" data-id=\"3ba0fdc\" data-element_type=\"container\" data-e-type=\"container\">\n\t\t\t\t\t<div class=\"e-con-inner\">\n\t\t<div class=\"elementor-element elementor-element-411dce97 e-con-full e-flex e-con e-child\" data-id=\"411dce97\" data-element_type=\"container\" data-e-type=\"container\">\n\t\t\t\t<\/div>\n\t\t<div class=\"elementor-element elementor-element-3a60c10f e-con-full e-flex e-con e-child\" data-id=\"3a60c10f\" data-element_type=\"container\" data-e-type=\"container\">\n\t\t\t\t<\/div>\n\t\t\t\t\t<\/div>\n\t\t\t\t<\/div>\n\t\t\t\t\t<\/div>\n\t\t\t\t<\/div>\n\t\t\t\t<\/div>\n\t\t","protected":false},"excerpt":{"rendered":"<p>F\u00f6rdermittelberatung Ob energetische Sanierung, Neubau oder Modernisierung \u2013 es gibt zahlreiche F\u00f6rderprogramme von Bund, L\u00e4ndern und Kommunen, die Ihnen helfen, Ihr Projekt wirtschaftlich zu realisieren. Diese F\u00f6rdermittel k\u00f6nnen in Form von Zusch\u00fcssen, zinsg\u00fcnstigen Darlehen oder Steuererleichterungen bereitgestellt werden und erleichtern Ihnen die Finanzierung Ihrer Bauvorhaben erheblich. Wir beraten Sie umfassend \u00fcber die aktuellen F\u00f6rderm\u00f6glichkeiten, die [&hellip;]<\/p>\n","protected":false},"author":1,"featured_media":0,"parent":0,"menu_order":0,"comment_status":"closed","ping_status":"closed","template":"elementor_header_footer","meta":{"two_page_speed":[],"footnotes":""},"class_list":["post-1031","page","type-page","status-publish","hentry"],"_links":{"self":[{"href":"https:\/\/archprojekt.de\/index.php\/wp-json\/wp\/v2\/pages\/1031","targetHints":{"allow":["GET"]}}],"collection":[{"href":"https:\/\/archprojekt.de\/index.php\/wp-json\/wp\/v2\/pages"}],"about":[{"href":"https:\/\/archprojekt.de\/index.php\/wp-json\/wp\/v2\/types\/page"}],"author":[{"embeddable":true,"href":"https:\/\/archprojekt.de\/index.php\/wp-json\/wp\/v2\/users\/1"}],"replies":[{"embeddable":true,"href":"https:\/\/archprojekt.de\/index.php\/wp-json\/wp\/v2\/comments?post=1031"}],"version-history":[{"count":10,"href":"https:\/\/archprojekt.de\/index.php\/wp-json\/wp\/v2\/pages\/1031\/revisions"}],"predecessor-version":[{"id":2536,"href":"https:\/\/archprojekt.de\/index.php\/wp-json\/wp\/v2\/pages\/1031\/revisions\/2536"}],"wp:attachment":[{"href":"https:\/\/archprojekt.de\/index.php\/wp-json\/wp\/v2\/media?parent=1031"}],"curies":[{"name":"wp","href":"https:\/\/api.w.org\/{rel}","templated":true}]}}