{"id":1056,"date":"2024-08-22T15:23:00","date_gmt":"2024-08-22T13:23:00","guid":{"rendered":"https:\/\/archprojekt.de\/?page_id=1056"},"modified":"2025-02-21T12:46:58","modified_gmt":"2025-02-21T11:46:58","slug":"energieberatung-waermeschutznachweis","status":"publish","type":"page","link":"https:\/\/archprojekt.de\/index.php\/energieberatung-waermeschutznachweis\/","title":{"rendered":"Energieberatung &#8211; W\u00e4rmeschutznachweis"},"content":{"rendered":"\t\t<div data-elementor-type=\"wp-page\" data-elementor-id=\"1056\" class=\"elementor elementor-1056\" data-elementor-post-type=\"page\">\n\t\t\t\t<div class=\"elementor-element elementor-element-5a9c44fd e-flex e-con-boxed e-con e-parent\" data-id=\"5a9c44fd\" data-element_type=\"container\" data-e-type=\"container\">\n\t\t\t\t\t<div class=\"e-con-inner\">\n\t\t<div class=\"elementor-element elementor-element-7b01db0a e-flex e-con-boxed e-con e-child\" data-id=\"7b01db0a\" data-element_type=\"container\" data-e-type=\"container\">\n\t\t\t\t\t<div class=\"e-con-inner\">\n\t\t\t\t<div class=\"elementor-element elementor-element-7c6c7ac2 elementor-widget elementor-widget-image\" data-id=\"7c6c7ac2\" data-element_type=\"widget\" data-e-type=\"widget\" data-widget_type=\"image.default\">\n\t\t\t\t<div class=\"elementor-widget-container\">\n\t\t\t\t\t\t\t\t\t\t\t\t\t\t\t<img fetchpriority=\"high\" decoding=\"async\" width=\"800\" height=\"534\" src=\"https:\/\/archprojekt.de\/wp-content\/uploads\/2024\/08\/Waermeschutznachweis.svg\" class=\"attachment-large size-large wp-image-1058\" alt=\"\" \/>\t\t\t\t\t\t\t\t\t\t\t\t\t\t\t<\/div>\n\t\t\t\t<\/div>\n\t\t\t\t<div class=\"elementor-element elementor-element-75a5c8ee elementor-widget elementor-widget-heading\" data-id=\"75a5c8ee\" data-element_type=\"widget\" data-e-type=\"widget\" data-widget_type=\"heading.default\">\n\t\t\t\t<div class=\"elementor-widget-container\">\n\t\t\t\t\t<h2 class=\"elementor-heading-title elementor-size-default\">W\u00e4rmeschutznachweis<\/h2>\t\t\t\t<\/div>\n\t\t\t\t<\/div>\n\t\t\t\t\t<\/div>\n\t\t\t\t<\/div>\n\t\t\t\t\t<\/div>\n\t\t\t\t<\/div>\n\t\t<div class=\"elementor-element elementor-element-7b70b764 e-flex e-con-boxed e-con e-parent\" data-id=\"7b70b764\" data-element_type=\"container\" data-e-type=\"container\" data-settings=\"{&quot;background_background&quot;:&quot;classic&quot;}\">\n\t\t\t\t\t<div class=\"e-con-inner\">\n\t\t<div class=\"elementor-element elementor-element-3287045e e-flex e-con-boxed e-con e-child\" data-id=\"3287045e\" data-element_type=\"container\" data-e-type=\"container\">\n\t\t\t\t\t<div class=\"e-con-inner\">\n\t\t\t\t<div class=\"elementor-element elementor-element-777ec37f elementor-widget elementor-widget-text-editor\" data-id=\"777ec37f\" data-element_type=\"widget\" data-e-type=\"widget\" data-widget_type=\"text-editor.default\">\n\t\t\t\t<div class=\"elementor-widget-container\">\n\t\t\t\t\t\t\t\t\t<p>Wir erstellen f\u00fcr Ihr Bauvorhaben einen W\u00e4rmeschutznachweis zur Vorlage bei den zust\u00e4ndigen Baubeh\u00f6rden. Dieser Nachweis gew\u00e4hrleistet, dass die energetischen Anforderungen nach den geltenden Vorschriften des Geb\u00e4udeenergiegesetzes (GEG) erf\u00fcllt sind.<br \/><br \/>Unser W\u00e4rmeschutznachweis dokumentiert die Einhaltung der vorgeschriebenen W\u00e4rmed\u00e4mmung und den effizienten Energieverbrauch Ihres Geb\u00e4udes. Daf\u00fcr analysieren wir detailliert die bauliche Geb\u00e4udeh\u00fclle sowie alle relevanten Bauteile und berechnen den spezifischen Energiebedarf. Diese Berechnungen sind wichtig, um sicherzustellen, dass Ihr Geb\u00e4ude nicht nur beh\u00f6rdliche Anforderungen erf\u00fcllt, sondern auch eine hohe Energieeffizienz erreicht und langfristig Betriebskosten einspart.<\/p>\t\t\t\t\t\t\t\t<\/div>\n\t\t\t\t<\/div>\n\t\t\t\t\t<\/div>\n\t\t\t\t<\/div>\n\t\t\t\t\t<\/div>\n\t\t\t\t<\/div>\n\t\t<div class=\"elementor-element elementor-element-172f070a e-flex e-con-boxed e-con e-parent\" data-id=\"172f070a\" data-element_type=\"container\" data-e-type=\"container\" data-settings=\"{&quot;background_background&quot;:&quot;classic&quot;}\">\n\t\t\t\t\t<div class=\"e-con-inner\">\n\t\t<div class=\"elementor-element elementor-element-1dc6245 e-flex e-con-boxed e-con e-child\" data-id=\"1dc6245\" data-element_type=\"container\" data-e-type=\"container\">\n\t\t\t\t\t<div class=\"e-con-inner\">\n\t\t<div class=\"elementor-element elementor-element-182f42c1 e-con-full e-flex e-con e-child\" data-id=\"182f42c1\" data-element_type=\"container\" data-e-type=\"container\">\n\t\t\t\t<\/div>\n\t\t<div class=\"elementor-element elementor-element-20521746 e-con-full e-flex e-con e-child\" data-id=\"20521746\" data-element_type=\"container\" data-e-type=\"container\">\n\t\t\t\t<\/div>\n\t\t\t\t\t<\/div>\n\t\t\t\t<\/div>\n\t\t\t\t\t<\/div>\n\t\t\t\t<\/div>\n\t\t\t\t<\/div>\n\t\t","protected":false},"excerpt":{"rendered":"<p>W\u00e4rmeschutznachweis Wir erstellen f\u00fcr Ihr Bauvorhaben einen W\u00e4rmeschutznachweis zur Vorlage bei den zust\u00e4ndigen Baubeh\u00f6rden. Dieser Nachweis gew\u00e4hrleistet, dass die energetischen Anforderungen nach den geltenden Vorschriften des Geb\u00e4udeenergiegesetzes (GEG) erf\u00fcllt sind. Unser W\u00e4rmeschutznachweis dokumentiert die Einhaltung der vorgeschriebenen W\u00e4rmed\u00e4mmung und den effizienten Energieverbrauch Ihres Geb\u00e4udes. Daf\u00fcr analysieren wir detailliert die bauliche Geb\u00e4udeh\u00fclle sowie alle relevanten Bauteile [&hellip;]<\/p>\n","protected":false},"author":1,"featured_media":0,"parent":0,"menu_order":0,"comment_status":"closed","ping_status":"closed","template":"elementor_header_footer","meta":{"two_page_speed":[],"footnotes":""},"class_list":["post-1056","page","type-page","status-publish","hentry"],"_links":{"self":[{"href":"https:\/\/archprojekt.de\/index.php\/wp-json\/wp\/v2\/pages\/1056","targetHints":{"allow":["GET"]}}],"collection":[{"href":"https:\/\/archprojekt.de\/index.php\/wp-json\/wp\/v2\/pages"}],"about":[{"href":"https:\/\/archprojekt.de\/index.php\/wp-json\/wp\/v2\/types\/page"}],"author":[{"embeddable":true,"href":"https:\/\/archprojekt.de\/index.php\/wp-json\/wp\/v2\/users\/1"}],"replies":[{"embeddable":true,"href":"https:\/\/archprojekt.de\/index.php\/wp-json\/wp\/v2\/comments?post=1056"}],"version-history":[{"count":10,"href":"https:\/\/archprojekt.de\/index.php\/wp-json\/wp\/v2\/pages\/1056\/revisions"}],"predecessor-version":[{"id":2545,"href":"https:\/\/archprojekt.de\/index.php\/wp-json\/wp\/v2\/pages\/1056\/revisions\/2545"}],"wp:attachment":[{"href":"https:\/\/archprojekt.de\/index.php\/wp-json\/wp\/v2\/media?parent=1056"}],"curies":[{"name":"wp","href":"https:\/\/api.w.org\/{rel}","templated":true}]}}