{"id":1065,"date":"2024-08-22T15:32:09","date_gmt":"2024-08-22T13:32:09","guid":{"rendered":"https:\/\/archprojekt.de\/?page_id=1065"},"modified":"2025-02-21T12:36:09","modified_gmt":"2025-02-21T11:36:09","slug":"architektur-innenarchitektur","status":"publish","type":"page","link":"https:\/\/archprojekt.de\/index.php\/architektur-innenarchitektur\/","title":{"rendered":"Architektur &#8211; Innenarchitektur"},"content":{"rendered":"\t\t<div data-elementor-type=\"wp-page\" data-elementor-id=\"1065\" class=\"elementor elementor-1065\" data-elementor-post-type=\"page\">\n\t\t\t\t<div class=\"elementor-element elementor-element-2b37229e e-flex e-con-boxed e-con e-parent\" data-id=\"2b37229e\" data-element_type=\"container\" data-e-type=\"container\">\n\t\t\t\t\t<div class=\"e-con-inner\">\n\t\t<div class=\"elementor-element elementor-element-55ec18e5 e-flex e-con-boxed e-con e-child\" data-id=\"55ec18e5\" data-element_type=\"container\" data-e-type=\"container\">\n\t\t\t\t\t<div class=\"e-con-inner\">\n\t\t\t\t<div class=\"elementor-element elementor-element-1167d43 elementor-widget elementor-widget-image\" data-id=\"1167d43\" data-element_type=\"widget\" data-e-type=\"widget\" data-widget_type=\"image.default\">\n\t\t\t\t<div class=\"elementor-widget-container\">\n\t\t\t\t\t\t\t\t\t\t\t\t\t\t\t<img fetchpriority=\"high\" decoding=\"async\" width=\"800\" height=\"533\" src=\"https:\/\/archprojekt.de\/wp-content\/uploads\/2024\/08\/Buerodesign.svg\" class=\"attachment-large size-large wp-image-1067\" alt=\"\" \/>\t\t\t\t\t\t\t\t\t\t\t\t\t\t\t<\/div>\n\t\t\t\t<\/div>\n\t\t\t\t<div class=\"elementor-element elementor-element-3b3930b8 elementor-widget elementor-widget-heading\" data-id=\"3b3930b8\" data-element_type=\"widget\" data-e-type=\"widget\" data-widget_type=\"heading.default\">\n\t\t\t\t<div class=\"elementor-widget-container\">\n\t\t\t\t\t<h2 class=\"elementor-heading-title elementor-size-default\">INNENARCHITEKTUR<\/h2>\t\t\t\t<\/div>\n\t\t\t\t<\/div>\n\t\t\t\t\t<\/div>\n\t\t\t\t<\/div>\n\t\t\t\t\t<\/div>\n\t\t\t\t<\/div>\n\t\t<div class=\"elementor-element elementor-element-cefc1ba e-flex e-con-boxed e-con e-parent\" data-id=\"cefc1ba\" data-element_type=\"container\" data-e-type=\"container\" data-settings=\"{&quot;background_background&quot;:&quot;classic&quot;}\">\n\t\t\t\t\t<div class=\"e-con-inner\">\n\t\t<div class=\"elementor-element elementor-element-5ea6815c e-flex e-con-boxed e-con e-child\" data-id=\"5ea6815c\" data-element_type=\"container\" data-e-type=\"container\">\n\t\t\t\t\t<div class=\"e-con-inner\">\n\t\t\t\t<div class=\"elementor-element elementor-element-875c35b elementor-widget elementor-widget-text-editor\" data-id=\"875c35b\" data-element_type=\"widget\" data-e-type=\"widget\" data-widget_type=\"text-editor.default\">\n\t\t\t\t<div class=\"elementor-widget-container\">\n\t\t\t\t\t\t\t\t\t<p>Unsere Dienstleistung im Bereich Innenarchitektur umfasst ma\u00dfgeschneiderte L\u00f6sungen f\u00fcr eine Vielzahl von Bereichen, um sowohl Funktionalit\u00e4t als auch \u00c4sthetik zu vereinen. Wir bieten folgende Leistungen an:<\/p>\t\t\t\t\t\t\t\t<\/div>\n\t\t\t\t<\/div>\n\t\t\t\t\t<\/div>\n\t\t\t\t<\/div>\n\t\t\t\t\t<\/div>\n\t\t\t\t<\/div>\n\t\t<div class=\"elementor-element elementor-element-52d7578a e-flex e-con-boxed e-con e-parent\" data-id=\"52d7578a\" data-element_type=\"container\" data-e-type=\"container\" data-settings=\"{&quot;background_background&quot;:&quot;classic&quot;}\">\n\t\t\t\t\t<div class=\"e-con-inner\">\n\t\t<div class=\"elementor-element elementor-element-574b1724 e-flex e-con-boxed e-con e-child\" data-id=\"574b1724\" data-element_type=\"container\" data-e-type=\"container\">\n\t\t\t\t\t<div class=\"e-con-inner\">\n\t\t<div class=\"elementor-element elementor-element-622db27 e-grid e-con-full e-con e-child\" data-id=\"622db27\" data-element_type=\"container\" data-e-type=\"container\">\n\t\t<div class=\"elementor-element elementor-element-31b17ba e-con-full e-flex e-con e-child\" data-id=\"31b17ba\" data-element_type=\"container\" data-e-type=\"container\">\n\t\t<div class=\"elementor-element elementor-element-573d220 e-con-full e-flex e-con e-child\" data-id=\"573d220\" data-element_type=\"container\" data-e-type=\"container\">\n\t\t\t\t<div class=\"elementor-element elementor-element-8cbae3d elementor-view-default elementor-widget elementor-widget-icon\" data-id=\"8cbae3d\" data-element_type=\"widget\" data-e-type=\"widget\" data-widget_type=\"icon.default\">\n\t\t\t\t<div class=\"elementor-widget-container\">\n\t\t\t\t\t\t\t<div class=\"elementor-icon-wrapper\">\n\t\t\t<div class=\"elementor-icon\">\n\t\t\t<svg xmlns=\"http:\/\/www.w3.org\/2000\/svg\" viewBox=\"0 0 65 57\"><g><g id=\"Ebene_2\"><g id=\"Capa_1\"><g id=\"icons\"><g id=\"dining_room-table_and_chairs\"><g><path d=\"M1.5,9.5h0c1.9,1.9,3.1,4.5,3.4,7.2l.9,10.6c.4,4.5,4.4,7.8,8.9,7.2l5.7-.7c2-.2,4.1.2,5.8,1.3h0\" style=\"fill: none; stroke: currentColor; stroke-linecap: round; stroke-linejoin: round; stroke-width: 3px;\"><\/path><line x1=\"9.5\" y1=\"34.5\" x2=\"2.5\" y2=\"55.5\" style=\"fill: none; stroke: currentColor; stroke-linecap: round; stroke-linejoin: round; stroke-width: 3px;\"><\/line><line x1=\"18.5\" y1=\"39.5\" x2=\"21.5\" y2=\"55.5\" style=\"fill: none; stroke: currentColor; stroke-linecap: round; stroke-linejoin: round; stroke-width: 3px;\"><\/line><\/g><g><path d=\"M63.5,9.5h0c-1.9,1.9-3.1,4.5-3.4,7.2l-.9,10.6c-.4,4.5-4.4,7.8-8.9,7.2l-5.7-.7c-2-.2-4.1.2-5.8,1.3h0\" style=\"fill: none; stroke: currentColor; stroke-linecap: round; stroke-linejoin: round; stroke-width: 3px;\"><\/path><line x1=\"55.5\" y1=\"34.5\" x2=\"62.5\" y2=\"55.5\" style=\"fill: none; stroke: currentColor; stroke-linecap: round; stroke-linejoin: round; stroke-width: 3px;\"><\/line><line x1=\"46.5\" y1=\"39.5\" x2=\"43.5\" y2=\"55.5\" style=\"fill: none; stroke: currentColor; stroke-linecap: round; stroke-linejoin: round; stroke-width: 3px;\"><\/line><\/g><g><path d=\"M11.5,24.5v-3c0-1.1.9-2,2-2h38c1.1,0,2,.9,2,2v3\" style=\"fill: none; stroke: currentColor; stroke-linecap: round; stroke-linejoin: round; stroke-width: 3px;\"><\/path><line x1=\"32.5\" y1=\"26.5\" x2=\"32.5\" y2=\"49.5\" style=\"fill: none; stroke: currentColor; stroke-linecap: round; stroke-linejoin: round; stroke-width: 3px;\"><\/line><path d=\"M26.5,55.5c3.3,0,6-2.7,6-6h0c0,3.3,2.7,6,6,6\" style=\"fill: none; stroke: currentColor; stroke-linecap: round; stroke-linejoin: round; stroke-width: 3px;\"><\/path><line x1=\"22.5\" y1=\"26.5\" x2=\"42.5\" y2=\"26.5\" style=\"fill: none; stroke: currentColor; stroke-linecap: round; stroke-linejoin: round; stroke-width: 3px;\"><\/line><\/g><g><g><path d=\"M21.5,1.5h2v5c0,2-2,4-4,4h0c-2,0-4-2-4-4V1.5\" style=\"fill: none; stroke: currentColor; stroke-linecap: round; stroke-linejoin: round; stroke-width: 3px;\"><\/path><line x1=\"19.5\" y1=\"15.5\" x2=\"19.5\" y2=\"10.5\" style=\"fill: none; stroke: currentColor; stroke-linecap: round; stroke-linejoin: round; stroke-width: 3px;\"><\/line><\/g><g><path d=\"M47.5,1.5h2v5c0,2-2,4-4,4h0c-2,0-4-2-4-4V1.5\" style=\"fill: none; stroke: currentColor; stroke-linecap: round; stroke-linejoin: round; stroke-width: 3px;\"><\/path><line x1=\"45.5\" y1=\"15.5\" x2=\"45.5\" y2=\"10.5\" style=\"fill: none; stroke: currentColor; stroke-linecap: round; stroke-linejoin: round; stroke-width: 3px;\"><\/line><\/g><\/g><\/g><\/g><\/g><\/g><\/g><\/svg>\t\t\t<\/div>\n\t\t<\/div>\n\t\t\t\t\t\t<\/div>\n\t\t\t\t<\/div>\n\t\t\t\t<\/div>\n\t\t<div class=\"elementor-element elementor-element-c74ce2b e-con-full e-flex e-con e-child\" data-id=\"c74ce2b\" data-element_type=\"container\" data-e-type=\"container\">\n\t\t\t\t<div class=\"elementor-element elementor-element-d694afa elementor-widget elementor-widget-text-editor\" data-id=\"d694afa\" data-element_type=\"widget\" data-e-type=\"widget\" data-widget_type=\"text-editor.default\">\n\t\t\t\t<div class=\"elementor-widget-container\">\n\t\t\t\t\t\t\t\t\t<p><strong>Restaurantdesign:<\/strong> <br \/>Wir gestalten gastronomische R\u00e4ume, die nicht nur visuell ansprechend, sondern auch auf die Bed\u00fcrfnisse der G\u00e4ste und das Betriebskonzept abgestimmt sind. Unser Fokus liegt auf der Schaffung einer einladenden Atmosph\u00e4re, die das kulinarische Erlebnis verst\u00e4rkt.<\/p>\t\t\t\t\t\t\t\t<\/div>\n\t\t\t\t<\/div>\n\t\t\t\t<\/div>\n\t\t\t\t<\/div>\n\t\t<div class=\"elementor-element elementor-element-ffc1aaf e-con-full e-flex e-con e-child\" data-id=\"ffc1aaf\" data-element_type=\"container\" data-e-type=\"container\">\n\t\t<div class=\"elementor-element elementor-element-c2375cd e-con-full e-flex e-con e-child\" data-id=\"c2375cd\" data-element_type=\"container\" data-e-type=\"container\">\n\t\t\t\t<div class=\"elementor-element elementor-element-2c18dc2 elementor-view-default elementor-widget elementor-widget-icon\" data-id=\"2c18dc2\" data-element_type=\"widget\" data-e-type=\"widget\" data-widget_type=\"icon.default\">\n\t\t\t\t<div class=\"elementor-widget-container\">\n\t\t\t\t\t\t\t<div class=\"elementor-icon-wrapper\">\n\t\t\t<div class=\"elementor-icon\">\n\t\t\t<svg xmlns=\"http:\/\/www.w3.org\/2000\/svg\" viewBox=\"0 0 65 65\"><g><g id=\"Ebene_2\"><g id=\"Capa_1\"><g id=\"icons\"><g id=\"store\"><g><line x1=\"1.5\" y1=\"63.5\" x2=\"63.5\" y2=\"63.5\" style=\"fill: none; stroke: currentColor; stroke-linecap: round; stroke-linejoin: round; stroke-width: 3px;\"><\/line><g><line x1=\"6.5\" y1=\"37.5\" x2=\"6.5\" y2=\"63.5\" style=\"fill: none; stroke: currentColor; stroke-linecap: square; stroke-linejoin: round; stroke-width: 3px;\"><\/line><line x1=\"25.5\" y1=\"37.5\" x2=\"25.5\" y2=\"63.5\" style=\"fill: none; stroke: currentColor; stroke-linecap: square; stroke-linejoin: round; stroke-width: 3px;\"><\/line><line x1=\"58.5\" y1=\"37.5\" x2=\"58.5\" y2=\"62.5\" style=\"fill: none; stroke: currentColor; stroke-linecap: square; stroke-linejoin: round; stroke-width: 3px;\"><\/line><\/g><line x1=\"19.5\" y1=\"44.5\" x2=\"19.5\" y2=\"48.5\" style=\"fill: none; stroke: currentColor; stroke-linecap: round; stroke-linejoin: round; stroke-width: 3px;\"><\/line><g><line x1=\"49.5\" y1=\"57.5\" x2=\"52.5\" y2=\"54.5\" style=\"fill: none; stroke: currentColor; stroke-linecap: round; stroke-linejoin: round; stroke-width: 3px;\"><\/line><line x1=\"42.5\" y1=\"57.5\" x2=\"52.5\" y2=\"47.5\" style=\"fill: none; stroke: currentColor; stroke-linecap: round; stroke-linejoin: round; stroke-width: 3px;\"><\/line><\/g><\/g><g><path d=\"M62.5,19.5v6.5c0,4.1-3.4,7.5-7.5,7.5h0c-4.1,0-7.5-3.4-7.5-7.5,0,4.1-3.4,7.5-7.5,7.5h0c-4.1,0-7.5-3.4-7.5-7.5,0,4.1-3.4,7.5-7.5,7.5h0c-4.1,0-7.5-3.4-7.5-7.5,0,4.1-3.4,7.5-7.5,7.5h0c-4.1,0-7.5-3.4-7.5-7.5v-6.5\" style=\"fill: none; stroke: currentColor; stroke-linecap: round; stroke-linejoin: round; stroke-width: 3px;\"><\/path><polygon points=\"62.5 19.5 2.5 19.5 11.5 1.5 53.5 1.5 62.5 19.5\" style=\"fill: none; stroke: currentColor; stroke-linecap: round; stroke-linejoin: round; stroke-width: 3px;\"><\/polygon><line x1=\"32.5\" y1=\"1.5\" x2=\"32.5\" y2=\"13.5\" style=\"fill: none; stroke: currentColor; stroke-linecap: round; stroke-linejoin: round; stroke-width: 3px;\"><\/line><line x1=\"17.5\" y1=\"13.5\" x2=\"22.5\" y2=\"1.5\" style=\"fill: none; stroke: currentColor; stroke-linecap: round; stroke-linejoin: round; stroke-width: 3px;\"><\/line><line x1=\"47.5\" y1=\"13.5\" x2=\"42.5\" y2=\"1.5\" style=\"fill: none; stroke: currentColor; stroke-linecap: round; stroke-linejoin: round; stroke-width: 3px;\"><\/line><\/g><\/g><\/g><\/g><\/g><\/g><\/svg>\t\t\t<\/div>\n\t\t<\/div>\n\t\t\t\t\t\t<\/div>\n\t\t\t\t<\/div>\n\t\t\t\t<\/div>\n\t\t<div class=\"elementor-element elementor-element-9f1aa0e e-con-full e-flex e-con e-child\" data-id=\"9f1aa0e\" data-element_type=\"container\" data-e-type=\"container\">\n\t\t\t\t<div class=\"elementor-element elementor-element-028e4b6 elementor-widget elementor-widget-text-editor\" data-id=\"028e4b6\" data-element_type=\"widget\" data-e-type=\"widget\" data-widget_type=\"text-editor.default\">\n\t\t\t\t<div class=\"elementor-widget-container\">\n\t\t\t\t\t\t\t\t\t<p><strong>Ladendesign:<\/strong><br \/>F\u00fcr den Einzelhandel entwickeln wir Verkaufsr\u00e4ume, die das Einkaufserlebnis optimieren und Ihre Marke effektiv pr\u00e4sentieren. Dabei achten wir auf eine ansprechende Raumgestaltung, die den Kunden intuitiv f\u00fchrt und zu einem l\u00e4ngeren Aufenthalt einl\u00e4dt.<\/p>\t\t\t\t\t\t\t\t<\/div>\n\t\t\t\t<\/div>\n\t\t\t\t<\/div>\n\t\t\t\t<\/div>\n\t\t<div class=\"elementor-element elementor-element-40c6485 e-con-full e-flex e-con e-child\" data-id=\"40c6485\" data-element_type=\"container\" data-e-type=\"container\">\n\t\t<div class=\"elementor-element elementor-element-9c05c23 e-con-full e-flex e-con e-child\" data-id=\"9c05c23\" data-element_type=\"container\" data-e-type=\"container\">\n\t\t\t\t<div class=\"elementor-element elementor-element-fef42c4 elementor-view-default elementor-widget elementor-widget-icon\" data-id=\"fef42c4\" data-element_type=\"widget\" data-e-type=\"widget\" data-widget_type=\"icon.default\">\n\t\t\t\t<div class=\"elementor-widget-container\">\n\t\t\t\t\t\t\t<div class=\"elementor-icon-wrapper\">\n\t\t\t<div class=\"elementor-icon\">\n\t\t\t<svg xmlns=\"http:\/\/www.w3.org\/2000\/svg\" viewBox=\"0 0 283.4 283.4\"><g><g id=\"Ebene_2\"><g id=\"layer_1\"><g><rect x=\".5\" y=\"271.1\" width=\"282.4\" height=\"11.8\" style=\"fill: currentColor; stroke: currentColor; stroke-miterlimit: 10;\"><\/rect><path d=\"M277,94.6H6.4c-2.6,0-4.9-1.8-5.7-4.3-.7-2.5.4-5.2,2.6-6.6L138.6,1.4c1.9-1.1,4.2-1.1,6.1,0l135.3,82.3c2.3,1.4,3.3,4.1,2.6,6.6-.7,2.5-3,4.3-5.7,4.3h0ZM27.4,82.8h228.6L141.7,13.3,27.4,82.8Z\" style=\"fill: currentColor; stroke: currentColor; stroke-miterlimit: 10;\"><\/path><path d=\"M265.2,282.9H18.1c-3.2,0-5.9-2.6-5.9-5.9V88.7h11.8v182.3h235.3V88.7h11.8v188.2c0,3.2-2.6,5.9-5.9,5.9h0Z\" style=\"fill: currentColor; stroke: currentColor; stroke-miterlimit: 10;\"><\/path><path d=\"M47.6,65.2h-11.8V6.4c0-3.2,2.6-5.9,5.9-5.9h35.3c3.2,0,5.9,2.6,5.9,5.9v41.2h-11.8V12.3h-23.5v52.9h0Z\" style=\"fill: currentColor; stroke: currentColor; stroke-miterlimit: 10;\"><\/path><rect x=\"29.9\" y=\".5\" width=\"58.8\" height=\"11.8\" style=\"fill: currentColor; stroke: currentColor; stroke-miterlimit: 10;\"><\/rect><path d=\"M235.8,265.2h-11.8v-23.5H59.3v23.5h-11.8v-29.4c0-3.2,2.6-5.9,5.9-5.9h176.5c3.2,0,5.9,2.6,5.9,5.9v29.4h0Z\" style=\"fill: currentColor; stroke: currentColor; stroke-miterlimit: 10;\"><\/path><path d=\"M224,241.7H59.3c-3.2,0-5.9-2.6-5.9-5.9v-23.5c0-9.7,7.9-17.6,17.6-17.6h141.2c9.7,0,17.6,7.9,17.6,17.6v23.5c0,3.2-2.6,5.9-5.9,5.9h0ZM65.2,229.9h152.9v-17.6c0-3.2-2.6-5.9-5.9-5.9H71.1c-3.2,0-5.9,2.6-5.9,5.9v17.6Z\" style=\"fill: currentColor; stroke: currentColor; stroke-miterlimit: 10;\"><\/path><path d=\"M141.7,206.4h-47.1c-3.2,0-5.9-2.6-5.9-5.9v-5.9c0-16.2,13.2-29.4,29.4-29.4s29.4,13.2,29.4,29.4v5.9c0,3.2-2.6,5.9-5.9,5.9ZM100.5,194.6h35.3c0-9.7-7.9-17.6-17.7-17.6s-17.7,7.9-17.7,17.6h0Z\" style=\"fill: currentColor; stroke: currentColor; stroke-miterlimit: 10;\"><\/path><path d=\"M188.7,206.4h-47.1c-3.2,0-5.9-2.6-5.9-5.9v-5.9c0-16.2,13.2-29.4,29.4-29.4s29.4,13.2,29.4,29.4v5.9c0,3.2-2.6,5.9-5.9,5.9ZM147.6,194.6h35.3c0-9.7-7.9-17.6-17.6-17.6s-17.6,7.9-17.6,17.6h0Z\" style=\"fill: currentColor; stroke: currentColor; stroke-miterlimit: 10;\"><\/path><path d=\"M218.1,200.5h-11.8v-52.9H77v52.9h-11.8v-58.8c0-3.2,2.6-5.9,5.9-5.9h141.2c3.2,0,5.9,2.6,5.9,5.9v58.8Z\" style=\"fill: currentColor; stroke: currentColor; stroke-miterlimit: 10;\"><\/path><rect x=\"206.4\" y=\"124\" width=\"11.8\" height=\"17.6\" style=\"fill: currentColor; stroke: currentColor; stroke-miterlimit: 10;\"><\/rect><rect x=\"65.2\" y=\"124\" width=\"11.8\" height=\"17.6\" style=\"fill: currentColor; stroke: currentColor; stroke-miterlimit: 10;\"><\/rect><\/g><\/g><\/g><\/g><\/svg>\t\t\t<\/div>\n\t\t<\/div>\n\t\t\t\t\t\t<\/div>\n\t\t\t\t<\/div>\n\t\t\t\t<\/div>\n\t\t<div class=\"elementor-element elementor-element-daee017 e-con-full e-flex e-con e-child\" data-id=\"daee017\" data-element_type=\"container\" data-e-type=\"container\">\n\t\t\t\t<div class=\"elementor-element elementor-element-5bfc2af elementor-widget elementor-widget-text-editor\" data-id=\"5bfc2af\" data-element_type=\"widget\" data-e-type=\"widget\" data-widget_type=\"text-editor.default\">\n\t\t\t\t<div class=\"elementor-widget-container\">\n\t\t\t\t\t\t\t\t\t<p><strong>Wohnraumgestaltung:<\/strong><br \/>Wir bieten kreative L\u00f6sungen f\u00fcr die Gestaltung von privaten Wohnr\u00e4umen, die den individuellen Stil und die Bed\u00fcrfnisse der Bewohner widerspiegeln. Unser Ziel ist es, R\u00e4ume zu schaffen, die sowohl funktional als auch gem\u00fctlich sind.<\/p>\t\t\t\t\t\t\t\t<\/div>\n\t\t\t\t<\/div>\n\t\t\t\t<\/div>\n\t\t\t\t<\/div>\n\t\t<div class=\"elementor-element elementor-element-e36a2f8 e-con-full e-flex e-con e-child\" data-id=\"e36a2f8\" data-element_type=\"container\" data-e-type=\"container\">\n\t\t<div class=\"elementor-element elementor-element-1517731 e-con-full e-flex e-con e-child\" data-id=\"1517731\" data-element_type=\"container\" data-e-type=\"container\">\n\t\t\t\t<div class=\"elementor-element elementor-element-127b25c elementor-view-default elementor-widget elementor-widget-icon\" data-id=\"127b25c\" data-element_type=\"widget\" data-e-type=\"widget\" data-widget_type=\"icon.default\">\n\t\t\t\t<div class=\"elementor-widget-container\">\n\t\t\t\t\t\t\t<div class=\"elementor-icon-wrapper\">\n\t\t\t<div class=\"elementor-icon\">\n\t\t\t<svg xmlns=\"http:\/\/www.w3.org\/2000\/svg\" viewBox=\"0 0 59 65\"><g><g id=\"Ebene_2\"><g id=\"Capa_1\"><g id=\"icons\"><g id=\"office_chair-office_furniture_x0A_\"><path d=\"M15.5,31.5v-8.5c0-1-.2-2-.5-3l-3.7-11.6c-1-3.1,1.2-6.3,4.4-6.5,3.6-.2,8.4-.5,13.7-.5s10.1.2,13.7.5c3.2.2,5.4,3.4,4.4,6.5l-3.7,11.6c-.3,1-.5,2-.5,3v8.5\" style=\"fill: none; stroke: currentColor; stroke-linecap: round; stroke-linejoin: round; stroke-width: 3px;\"><\/path><g><path d=\"M15.5,29.5h-4c-2.8,0-5-2.2-5-5v-4\" style=\"fill: none; stroke: currentColor; stroke-linecap: round; stroke-linejoin: round; stroke-width: 3px;\"><\/path><line x1=\"1.5\" y1=\"20.5\" x2=\"8.5\" y2=\"20.5\" style=\"fill: none; stroke: currentColor; stroke-linecap: round; stroke-linejoin: round; stroke-width: 3px;\"><\/line><\/g><g><path d=\"M43.5,29.5h4c2.8,0,5-2.2,5-5v-4\" style=\"fill: none; stroke: currentColor; stroke-linecap: round; stroke-linejoin: round; stroke-width: 3px;\"><\/path><line x1=\"57.5\" y1=\"20.5\" x2=\"50.5\" y2=\"20.5\" style=\"fill: none; stroke: currentColor; stroke-linecap: round; stroke-linejoin: round; stroke-width: 3px;\"><\/line><\/g><path d=\"M48.2,36c.8-.4,1.8.4,1.4,1.3-2.3,5.4-7.3,6.2-20.1,6.2s-17.8-.8-20.1-6.2c-.4-.9.6-1.7,1.4-1.3,2.7,1.3,7.2-1.5,18.7-1.5s16.1,2.8,18.7,1.5h0Z\" style=\"fill: none; stroke: currentColor; stroke-linecap: round; stroke-linejoin: round; stroke-width: 3px;\"><\/path><path d=\"M25.5,47.5v1c0,.5.5,1,1,1h6c.5,0,1-.5,1-1v-1\" style=\"fill: none; stroke: currentColor; stroke-linecap: square; stroke-linejoin: round; stroke-width: 3px;\"><\/path><line x1=\"29.5\" y1=\"49.5\" x2=\"29.5\" y2=\"56.5\" style=\"fill: none; stroke: currentColor; stroke-linecap: round; stroke-linejoin: round; stroke-width: 3px;\"><\/line><line x1=\"10.5\" y1=\"57.5\" x2=\"29.5\" y2=\"53.5\" style=\"fill: none; stroke: currentColor; stroke-linecap: round; stroke-linejoin: round; stroke-width: 3px;\"><\/line><circle cx=\"10.5\" cy=\"60.5\" r=\"3\" style=\"fill: none; stroke: currentColor; stroke-linecap: round; stroke-linejoin: round; stroke-width: 3px;\"><\/circle><line x1=\"48.5\" y1=\"57.5\" x2=\"29.5\" y2=\"53.5\" style=\"fill: none; stroke: currentColor; stroke-linecap: round; stroke-linejoin: round; stroke-width: 3px;\"><\/line><circle cx=\"48.5\" cy=\"60.5\" r=\"3\" style=\"fill: none; stroke: currentColor; stroke-linecap: round; stroke-linejoin: round; stroke-width: 3px;\"><\/circle><circle cx=\"29.5\" cy=\"60.5\" r=\"3\" style=\"fill: none; stroke: currentColor; stroke-linecap: round; stroke-linejoin: round; stroke-width: 3px;\"><\/circle><\/g><\/g><\/g><\/g><\/g><\/svg>\t\t\t<\/div>\n\t\t<\/div>\n\t\t\t\t\t\t<\/div>\n\t\t\t\t<\/div>\n\t\t\t\t<\/div>\n\t\t<div class=\"elementor-element elementor-element-668c9ac e-con-full e-flex e-con e-child\" data-id=\"668c9ac\" data-element_type=\"container\" data-e-type=\"container\">\n\t\t\t\t<div class=\"elementor-element elementor-element-bdf2419 elementor-widget elementor-widget-text-editor\" data-id=\"bdf2419\" data-element_type=\"widget\" data-e-type=\"widget\" data-widget_type=\"text-editor.default\">\n\t\t\t\t<div class=\"elementor-widget-container\">\n\t\t\t\t\t\t\t\t\t<p><strong>B\u00fcrodesign:<\/strong><br \/>Wir gestalten Arbeitsr\u00e4ume, die nicht nur die Produktivit\u00e4t und Effizienz f\u00f6rdern, sondern auch das Wohlbefinden der Mitarbeiter steigern. Durch ergonomische Planung, modernes Design und innovative L\u00f6sungen schaffen wir Arbeitsumgebungen, die zu einer positiven Unternehmenskultur beitragen.<\/p>\t\t\t\t\t\t\t\t<\/div>\n\t\t\t\t<\/div>\n\t\t\t\t<\/div>\n\t\t\t\t<\/div>\n\t\t\t\t<\/div>\n\t\t<div class=\"elementor-element elementor-element-8403e72 e-con-full e-flex e-con e-child\" data-id=\"8403e72\" data-element_type=\"container\" data-e-type=\"container\">\n\t\t\t\t<div class=\"elementor-element elementor-element-1e8c006 elementor-widget elementor-widget-text-editor\" data-id=\"1e8c006\" data-element_type=\"widget\" data-e-type=\"widget\" data-widget_type=\"text-editor.default\">\n\t\t\t\t<div class=\"elementor-widget-container\">\n\t\t\t\t\t\t\t\t\t<p>Mit unserer Innenarchitektur bieten wir Ihnen individuelle Konzepte, die jedes Projekt zu einem einzigartigen Raum machen.<\/p>\t\t\t\t\t\t\t\t<\/div>\n\t\t\t\t<\/div>\n\t\t\t\t<\/div>\n\t\t\t\t\t<\/div>\n\t\t\t\t<\/div>\n\t\t\t\t\t<\/div>\n\t\t\t\t<\/div>\n\t\t<div class=\"elementor-element elementor-element-0f774de e-flex e-con-boxed e-con e-parent\" data-id=\"0f774de\" data-element_type=\"container\" data-e-type=\"container\" data-settings=\"{&quot;background_background&quot;:&quot;classic&quot;}\">\n\t\t\t\t\t<div class=\"e-con-inner\">\n\t\t<div class=\"elementor-element elementor-element-3e2549d e-flex e-con-boxed e-con e-child\" data-id=\"3e2549d\" data-element_type=\"container\" data-e-type=\"container\">\n\t\t\t\t\t<div class=\"e-con-inner\">\n\t\t<div class=\"elementor-element elementor-element-6680eca e-con-full e-flex e-con e-child\" data-id=\"6680eca\" data-element_type=\"container\" data-e-type=\"container\">\n\t\t\t\t<\/div>\n\t\t<div class=\"elementor-element elementor-element-3ce40bc e-con-full e-flex e-con e-child\" data-id=\"3ce40bc\" data-element_type=\"container\" data-e-type=\"container\">\n\t\t\t\t<\/div>\n\t\t\t\t\t<\/div>\n\t\t\t\t<\/div>\n\t\t\t\t\t<\/div>\n\t\t\t\t<\/div>\n\t\t\t\t<\/div>\n\t\t","protected":false},"excerpt":{"rendered":"<p>INNENARCHITEKTUR Unsere Dienstleistung im Bereich Innenarchitektur umfasst ma\u00dfgeschneiderte L\u00f6sungen f\u00fcr eine Vielzahl von Bereichen, um sowohl Funktionalit\u00e4t als auch \u00c4sthetik zu vereinen. Wir bieten folgende Leistungen an: Restaurantdesign: Wir gestalten gastronomische R\u00e4ume, die nicht nur visuell ansprechend, sondern auch auf die Bed\u00fcrfnisse der G\u00e4ste und das Betriebskonzept abgestimmt sind. Unser Fokus liegt auf der Schaffung [&hellip;]<\/p>\n","protected":false},"author":1,"featured_media":0,"parent":0,"menu_order":0,"comment_status":"closed","ping_status":"closed","template":"elementor_header_footer","meta":{"two_page_speed":[],"footnotes":""},"class_list":["post-1065","page","type-page","status-publish","hentry"],"_links":{"self":[{"href":"https:\/\/archprojekt.de\/index.php\/wp-json\/wp\/v2\/pages\/1065","targetHints":{"allow":["GET"]}}],"collection":[{"href":"https:\/\/archprojekt.de\/index.php\/wp-json\/wp\/v2\/pages"}],"about":[{"href":"https:\/\/archprojekt.de\/index.php\/wp-json\/wp\/v2\/types\/page"}],"author":[{"embeddable":true,"href":"https:\/\/archprojekt.de\/index.php\/wp-json\/wp\/v2\/users\/1"}],"replies":[{"embeddable":true,"href":"https:\/\/archprojekt.de\/index.php\/wp-json\/wp\/v2\/comments?post=1065"}],"version-history":[{"count":24,"href":"https:\/\/archprojekt.de\/index.php\/wp-json\/wp\/v2\/pages\/1065\/revisions"}],"predecessor-version":[{"id":3118,"href":"https:\/\/archprojekt.de\/index.php\/wp-json\/wp\/v2\/pages\/1065\/revisions\/3118"}],"wp:attachment":[{"href":"https:\/\/archprojekt.de\/index.php\/wp-json\/wp\/v2\/media?parent=1065"}],"curies":[{"name":"wp","href":"https:\/\/api.w.org\/{rel}","templated":true}]}}