{"id":598,"date":"2024-08-22T09:09:50","date_gmt":"2024-08-22T07:09:50","guid":{"rendered":"https:\/\/archprojekt.de\/?page_id=598"},"modified":"2025-02-21T12:37:39","modified_gmt":"2025-02-21T11:37:39","slug":"energieberatung-baubegleitung","status":"publish","type":"page","link":"https:\/\/archprojekt.de\/index.php\/energieberatung-baubegleitung\/","title":{"rendered":"Energieberatung &#8211; Baubegleitung"},"content":{"rendered":"\t\t<div data-elementor-type=\"wp-page\" data-elementor-id=\"598\" class=\"elementor elementor-598\" data-elementor-post-type=\"page\">\n\t\t\t\t<div class=\"elementor-element elementor-element-131543b7 e-flex e-con-boxed e-con e-parent\" data-id=\"131543b7\" data-element_type=\"container\" data-e-type=\"container\">\n\t\t\t\t\t<div class=\"e-con-inner\">\n\t\t<div class=\"elementor-element elementor-element-46ba2efb e-flex e-con-boxed e-con e-child\" data-id=\"46ba2efb\" data-element_type=\"container\" data-e-type=\"container\">\n\t\t\t\t\t<div class=\"e-con-inner\">\n\t\t\t\t<div class=\"elementor-element elementor-element-19577f8b elementor-widget elementor-widget-image\" data-id=\"19577f8b\" data-element_type=\"widget\" data-e-type=\"widget\" data-widget_type=\"image.default\">\n\t\t\t\t<div class=\"elementor-widget-container\">\n\t\t\t\t\t\t\t\t\t\t\t\t\t\t\t<img fetchpriority=\"high\" decoding=\"async\" width=\"800\" height=\"533\" src=\"https:\/\/archprojekt.de\/wp-content\/uploads\/2024\/08\/Baubegleitung.svg\" class=\"attachment-large size-large wp-image-600\" alt=\"\" \/>\t\t\t\t\t\t\t\t\t\t\t\t\t\t\t<\/div>\n\t\t\t\t<\/div>\n\t\t\t\t<div class=\"elementor-element elementor-element-478bedcf elementor-widget elementor-widget-heading\" data-id=\"478bedcf\" data-element_type=\"widget\" data-e-type=\"widget\" data-widget_type=\"heading.default\">\n\t\t\t\t<div class=\"elementor-widget-container\">\n\t\t\t\t\t<h2 class=\"elementor-heading-title elementor-size-default\">Baubegleitung<\/h2>\t\t\t\t<\/div>\n\t\t\t\t<\/div>\n\t\t\t\t\t<\/div>\n\t\t\t\t<\/div>\n\t\t\t\t\t<\/div>\n\t\t\t\t<\/div>\n\t\t<div class=\"elementor-element elementor-element-b30cfc e-flex e-con-boxed e-con e-parent\" data-id=\"b30cfc\" data-element_type=\"container\" data-e-type=\"container\" data-settings=\"{&quot;background_background&quot;:&quot;classic&quot;}\">\n\t\t\t\t\t<div class=\"e-con-inner\">\n\t\t<div class=\"elementor-element elementor-element-6c569a9b e-flex e-con-boxed e-con e-child\" data-id=\"6c569a9b\" data-element_type=\"container\" data-e-type=\"container\">\n\t\t\t\t\t<div class=\"e-con-inner\">\n\t\t\t\t<div class=\"elementor-element elementor-element-6eb5b0 elementor-widget elementor-widget-text-editor\" data-id=\"6eb5b0\" data-element_type=\"widget\" data-e-type=\"widget\" data-widget_type=\"text-editor.default\">\n\t\t\t\t<div class=\"elementor-widget-container\">\n\t\t\t\t\t\t\t\t\t<p>Die Baubegleitung im Rahmen der Energieberatung ist ein wichtiger Bestandteil energetischer Sanierungs- und Bauprojekte. Als Energieberater unterst\u00fctzten wir Bauherren und Eigent\u00fcmer von der Planungsphase bis zur Umsetzung, um sicherzustellen, dass alle Ma\u00dfnahmen fachgerecht und nach aktuellen energetischen Standards durchgef\u00fchrt werden.<br \/><br \/>Eine Baubegleitung durch einen zertifizierten Energieberater ist Voraussetzung f\u00fcr zahlreiche F\u00f6rderprogramme des Bundes, insbesondere bei Ma\u00dfnahmen wie der D\u00e4mmung der Geb\u00e4udeh\u00fclle oder der Austausch von Fenstern.<br \/><br \/>Im Verlauf der Baubegleitung pr\u00fcfen wir die Auswahl der Baumaterialien, die Ausf\u00fchrung von D\u00e4mmungsma\u00dfnahmen, die Installation von Heiz- und L\u00fcftungssystemen inkl. Integration erneuerbarer Energien.<br \/><br \/>Die Kosten f\u00fcr diese Baubegleitung werden im Rahmen der Bundesf\u00f6rderung f\u00fcr effiziente Geb\u00e4ude (BEG) mit bis zu 50 % bezuschusst.<br \/><br \/>Gerne stehen wir Ihnen f\u00fcr ein unverbindliches Erstgespr\u00e4ch zur Verf\u00fcgung. Im Falle einer Beauftragung \u00fcbernehmen wir die Antragstellung der F\u00f6rdermittel f\u00fcr Sie.<\/p>\t\t\t\t\t\t\t\t<\/div>\n\t\t\t\t<\/div>\n\t\t\t\t\t<\/div>\n\t\t\t\t<\/div>\n\t\t\t\t\t<\/div>\n\t\t\t\t<\/div>\n\t\t<div class=\"elementor-element elementor-element-9eb043a e-flex e-con-boxed e-con e-parent\" data-id=\"9eb043a\" data-element_type=\"container\" data-e-type=\"container\" data-settings=\"{&quot;background_background&quot;:&quot;classic&quot;}\">\n\t\t\t\t\t<div class=\"e-con-inner\">\n\t\t<div class=\"elementor-element elementor-element-b9dc999 e-flex e-con-boxed e-con e-child\" data-id=\"b9dc999\" data-element_type=\"container\" data-e-type=\"container\">\n\t\t\t\t\t<div class=\"e-con-inner\">\n\t\t<div class=\"elementor-element elementor-element-41d076c e-con-full e-flex e-con e-child\" data-id=\"41d076c\" data-element_type=\"container\" data-e-type=\"container\">\n\t\t\t\t<\/div>\n\t\t<div class=\"elementor-element elementor-element-a26ec5b e-con-full e-flex e-con e-child\" data-id=\"a26ec5b\" data-element_type=\"container\" data-e-type=\"container\">\n\t\t\t\t<\/div>\n\t\t\t\t\t<\/div>\n\t\t\t\t<\/div>\n\t\t\t\t\t<\/div>\n\t\t\t\t<\/div>\n\t\t\t\t<\/div>\n\t\t","protected":false},"excerpt":{"rendered":"<p>Baubegleitung Die Baubegleitung im Rahmen der Energieberatung ist ein wichtiger Bestandteil energetischer Sanierungs- und Bauprojekte. Als Energieberater unterst\u00fctzten wir Bauherren und Eigent\u00fcmer von der Planungsphase bis zur Umsetzung, um sicherzustellen, dass alle Ma\u00dfnahmen fachgerecht und nach aktuellen energetischen Standards durchgef\u00fchrt werden. Eine Baubegleitung durch einen zertifizierten Energieberater ist Voraussetzung f\u00fcr zahlreiche F\u00f6rderprogramme des Bundes, insbesondere [&hellip;]<\/p>\n","protected":false},"author":1,"featured_media":0,"parent":0,"menu_order":0,"comment_status":"closed","ping_status":"closed","template":"elementor_header_footer","meta":{"two_page_speed":[],"footnotes":""},"class_list":["post-598","page","type-page","status-publish","hentry"],"_links":{"self":[{"href":"https:\/\/archprojekt.de\/index.php\/wp-json\/wp\/v2\/pages\/598","targetHints":{"allow":["GET"]}}],"collection":[{"href":"https:\/\/archprojekt.de\/index.php\/wp-json\/wp\/v2\/pages"}],"about":[{"href":"https:\/\/archprojekt.de\/index.php\/wp-json\/wp\/v2\/types\/page"}],"author":[{"embeddable":true,"href":"https:\/\/archprojekt.de\/index.php\/wp-json\/wp\/v2\/users\/1"}],"replies":[{"embeddable":true,"href":"https:\/\/archprojekt.de\/index.php\/wp-json\/wp\/v2\/comments?post=598"}],"version-history":[{"count":7,"href":"https:\/\/archprojekt.de\/index.php\/wp-json\/wp\/v2\/pages\/598\/revisions"}],"predecessor-version":[{"id":2527,"href":"https:\/\/archprojekt.de\/index.php\/wp-json\/wp\/v2\/pages\/598\/revisions\/2527"}],"wp:attachment":[{"href":"https:\/\/archprojekt.de\/index.php\/wp-json\/wp\/v2\/media?parent=598"}],"curies":[{"name":"wp","href":"https:\/\/api.w.org\/{rel}","templated":true}]}}