{"id":898,"date":"2024-08-22T13:02:48","date_gmt":"2024-08-22T11:02:48","guid":{"rendered":"https:\/\/archprojekt.de\/?page_id=898"},"modified":"2025-02-21T11:48:37","modified_gmt":"2025-02-21T10:48:37","slug":"architektur-aufmass","status":"publish","type":"page","link":"https:\/\/archprojekt.de\/index.php\/architektur-aufmass\/","title":{"rendered":"Architektur &#8211; Aufmass"},"content":{"rendered":"\t\t<div data-elementor-type=\"wp-page\" data-elementor-id=\"898\" class=\"elementor elementor-898\" data-elementor-post-type=\"page\">\n\t\t\t\t<div class=\"elementor-element elementor-element-37c69a33 e-flex e-con-boxed e-con e-parent\" data-id=\"37c69a33\" data-element_type=\"container\" data-e-type=\"container\">\n\t\t\t\t\t<div class=\"e-con-inner\">\n\t\t<div class=\"elementor-element elementor-element-6f736ad5 e-flex e-con-boxed e-con e-child\" data-id=\"6f736ad5\" data-element_type=\"container\" data-e-type=\"container\">\n\t\t\t\t\t<div class=\"e-con-inner\">\n\t\t\t\t<div class=\"elementor-element elementor-element-135fee8a elementor-widget elementor-widget-image\" data-id=\"135fee8a\" data-element_type=\"widget\" data-e-type=\"widget\" data-widget_type=\"image.default\">\n\t\t\t\t<div class=\"elementor-widget-container\">\n\t\t\t\t\t\t\t\t\t\t\t\t\t\t\t<img fetchpriority=\"high\" decoding=\"async\" width=\"800\" height=\"534\" src=\"https:\/\/archprojekt.de\/wp-content\/uploads\/2024\/08\/Aufmass.svg\" class=\"attachment-large size-large wp-image-900\" alt=\"\" \/>\t\t\t\t\t\t\t\t\t\t\t\t\t\t\t<\/div>\n\t\t\t\t<\/div>\n\t\t\t\t<div class=\"elementor-element elementor-element-3198ffc elementor-widget elementor-widget-heading\" data-id=\"3198ffc\" data-element_type=\"widget\" data-e-type=\"widget\" data-widget_type=\"heading.default\">\n\t\t\t\t<div class=\"elementor-widget-container\">\n\t\t\t\t\t<h2 class=\"elementor-heading-title elementor-size-default\">Aufma\u00df inkl. Fl\u00e4chenberechnung und Erstellung einer 2D-Zeichnung oder eines 3D-Modells<\/h2>\t\t\t\t<\/div>\n\t\t\t\t<\/div>\n\t\t\t\t\t<\/div>\n\t\t\t\t<\/div>\n\t\t\t\t\t<\/div>\n\t\t\t\t<\/div>\n\t\t<div class=\"elementor-element elementor-element-65df2ca0 e-flex e-con-boxed e-con e-parent\" data-id=\"65df2ca0\" data-element_type=\"container\" data-e-type=\"container\" data-settings=\"{&quot;background_background&quot;:&quot;classic&quot;}\">\n\t\t\t\t\t<div class=\"e-con-inner\">\n\t\t<div class=\"elementor-element elementor-element-4d462d1a e-flex e-con-boxed e-con e-child\" data-id=\"4d462d1a\" data-element_type=\"container\" data-e-type=\"container\">\n\t\t\t\t\t<div class=\"e-con-inner\">\n\t\t\t\t<div class=\"elementor-element elementor-element-2751bc22 elementor-widget elementor-widget-text-editor\" data-id=\"2751bc22\" data-element_type=\"widget\" data-e-type=\"widget\" data-widget_type=\"text-editor.default\">\n\t\t\t\t<div class=\"elementor-widget-container\">\n\t\t\t\t\t\t\t\t\tWir helfen Ihnen bei der Erstellung der Wohnfl\u00e4chenberechnung gem\u00e4\u00df WoFlV oder DIN 277.\n<br>\n<br>\nSollten alte Pl\u00e4ne fehlen oder l\u00fcckenhaft sein, digitalisieren und vervollst\u00e4ndigen wir diese nach einem pr\u00e4zisen Aufma\u00df. Mit moderner Messtechnik erfassen wir dabei alle relevanten Daten und erstellen daraus aktuelle, vollst\u00e4ndige Pl\u00e4ne, die den tats\u00e4chlichen Zustand Ihrer Immobilie exakt widerspiegeln. So entsteht eine umfassende Dokumentation, die nicht nur f\u00fcr beh\u00f6rdliche Anforderungen, sondern auch f\u00fcr k\u00fcnftige Planungen und Umbauten wertvolle Informationen liefert.\n<br>\n<br>\nOb f\u00fcr die Bank zur Finanzierung oder das Finanzamt f\u00fcr die Grundsteuerberechnung, wir unterst\u00fctzen Sie mit der kurzfristigen Erstellung der ben\u00f6tigten Unterlagen.\n<br>\n<br>\nAuf Wunsch erstellen wir auf Basis eines 3D-Scans ein 3D-Modell Ihrer Immobilie. Diese Modelle bieten Ihnen eine detaillierte und realit\u00e4tsnahe Darstellung des Ist-Zustands und erm\u00f6glichen eine einfache Visualisierung von Umbauten, Renovierungen oder zuk\u00fcnftigen Planungen.\t\t\t\t\t\t\t\t<\/div>\n\t\t\t\t<\/div>\n\t\t\t\t\t<\/div>\n\t\t\t\t<\/div>\n\t\t\t\t\t<\/div>\n\t\t\t\t<\/div>\n\t\t<div class=\"elementor-element elementor-element-4211e07a e-flex e-con-boxed e-con e-parent\" data-id=\"4211e07a\" data-element_type=\"container\" data-e-type=\"container\" data-settings=\"{&quot;background_background&quot;:&quot;classic&quot;}\">\n\t\t\t\t\t<div class=\"e-con-inner\">\n\t\t<div class=\"elementor-element elementor-element-5374c41f e-flex e-con-boxed e-con e-child\" data-id=\"5374c41f\" data-element_type=\"container\" data-e-type=\"container\">\n\t\t\t\t\t<div class=\"e-con-inner\">\n\t\t<div class=\"elementor-element elementor-element-75162fac e-con-full e-flex e-con e-child\" data-id=\"75162fac\" data-element_type=\"container\" data-e-type=\"container\">\n\t\t\t\t<\/div>\n\t\t<div class=\"elementor-element elementor-element-1e590b2a e-con-full e-flex e-con e-child\" data-id=\"1e590b2a\" data-element_type=\"container\" data-e-type=\"container\">\n\t\t\t\t<\/div>\n\t\t\t\t\t<\/div>\n\t\t\t\t<\/div>\n\t\t\t\t\t<\/div>\n\t\t\t\t<\/div>\n\t\t\t\t<\/div>\n\t\t","protected":false},"excerpt":{"rendered":"<p>Aufma\u00df inkl. Fl\u00e4chenberechnung und Erstellung einer 2D-Zeichnung oder eines 3D-Modells Wir helfen Ihnen bei der Erstellung der Wohnfl\u00e4chenberechnung gem\u00e4\u00df WoFlV oder DIN 277. Sollten alte Pl\u00e4ne fehlen oder l\u00fcckenhaft sein, digitalisieren und vervollst\u00e4ndigen wir diese nach einem pr\u00e4zisen Aufma\u00df. Mit moderner Messtechnik erfassen wir dabei alle relevanten Daten und erstellen daraus aktuelle, vollst\u00e4ndige Pl\u00e4ne, die [&hellip;]<\/p>\n","protected":false},"author":1,"featured_media":0,"parent":0,"menu_order":0,"comment_status":"closed","ping_status":"closed","template":"elementor_header_footer","meta":{"two_page_speed":[],"footnotes":""},"class_list":["post-898","page","type-page","status-publish","hentry"],"_links":{"self":[{"href":"https:\/\/archprojekt.de\/index.php\/wp-json\/wp\/v2\/pages\/898","targetHints":{"allow":["GET"]}}],"collection":[{"href":"https:\/\/archprojekt.de\/index.php\/wp-json\/wp\/v2\/pages"}],"about":[{"href":"https:\/\/archprojekt.de\/index.php\/wp-json\/wp\/v2\/types\/page"}],"author":[{"embeddable":true,"href":"https:\/\/archprojekt.de\/index.php\/wp-json\/wp\/v2\/users\/1"}],"replies":[{"embeddable":true,"href":"https:\/\/archprojekt.de\/index.php\/wp-json\/wp\/v2\/comments?post=898"}],"version-history":[{"count":18,"href":"https:\/\/archprojekt.de\/index.php\/wp-json\/wp\/v2\/pages\/898\/revisions"}],"predecessor-version":[{"id":3116,"href":"https:\/\/archprojekt.de\/index.php\/wp-json\/wp\/v2\/pages\/898\/revisions\/3116"}],"wp:attachment":[{"href":"https:\/\/archprojekt.de\/index.php\/wp-json\/wp\/v2\/media?parent=898"}],"curies":[{"name":"wp","href":"https:\/\/api.w.org\/{rel}","templated":true}]}}