{"id":909,"date":"2024-08-22T13:15:37","date_gmt":"2024-08-22T11:15:37","guid":{"rendered":"https:\/\/archprojekt.de\/?page_id=909"},"modified":"2025-02-21T11:51:26","modified_gmt":"2025-02-21T10:51:26","slug":"architektur-ausfuehrungsplanung","status":"publish","type":"page","link":"https:\/\/archprojekt.de\/index.php\/architektur-ausfuehrungsplanung\/","title":{"rendered":"Architektur &#8211; Ausf\u00fchrungsplanung"},"content":{"rendered":"\t\t<div data-elementor-type=\"wp-page\" data-elementor-id=\"909\" class=\"elementor elementor-909\" data-elementor-post-type=\"page\">\n\t\t\t\t<div class=\"elementor-element elementor-element-771c0f4 e-flex e-con-boxed e-con e-parent\" data-id=\"771c0f4\" data-element_type=\"container\" data-e-type=\"container\">\n\t\t\t\t\t<div class=\"e-con-inner\">\n\t\t<div class=\"elementor-element elementor-element-645141d1 e-flex e-con-boxed e-con e-child\" data-id=\"645141d1\" data-element_type=\"container\" data-e-type=\"container\">\n\t\t\t\t\t<div class=\"e-con-inner\">\n\t\t\t\t<div class=\"elementor-element elementor-element-756f7863 elementor-widget elementor-widget-image\" data-id=\"756f7863\" data-element_type=\"widget\" data-e-type=\"widget\" data-widget_type=\"image.default\">\n\t\t\t\t<div class=\"elementor-widget-container\">\n\t\t\t\t\t\t\t\t\t\t\t\t\t\t\t<img fetchpriority=\"high\" decoding=\"async\" width=\"800\" height=\"534\" src=\"https:\/\/archprojekt.de\/wp-content\/uploads\/2024\/08\/Ausfuehrungsplanung.svg\" class=\"attachment-large size-large wp-image-913\" alt=\"\" \/>\t\t\t\t\t\t\t\t\t\t\t\t\t\t\t<\/div>\n\t\t\t\t<\/div>\n\t\t\t\t<div class=\"elementor-element elementor-element-55313dee elementor-widget elementor-widget-heading\" data-id=\"55313dee\" data-element_type=\"widget\" data-e-type=\"widget\" data-widget_type=\"heading.default\">\n\t\t\t\t<div class=\"elementor-widget-container\">\n\t\t\t\t\t<h2 class=\"elementor-heading-title elementor-size-default\">Ausf\u00fchrungsplanung<\/h2>\t\t\t\t<\/div>\n\t\t\t\t<\/div>\n\t\t\t\t\t<\/div>\n\t\t\t\t<\/div>\n\t\t\t\t\t<\/div>\n\t\t\t\t<\/div>\n\t\t<div class=\"elementor-element elementor-element-66570a34 e-flex e-con-boxed e-con e-parent\" data-id=\"66570a34\" data-element_type=\"container\" data-e-type=\"container\" data-settings=\"{&quot;background_background&quot;:&quot;classic&quot;}\">\n\t\t\t\t\t<div class=\"e-con-inner\">\n\t\t<div class=\"elementor-element elementor-element-4ee33e23 e-flex e-con-boxed e-con e-child\" data-id=\"4ee33e23\" data-element_type=\"container\" data-e-type=\"container\">\n\t\t\t\t\t<div class=\"e-con-inner\">\n\t\t\t\t<div class=\"elementor-element elementor-element-23c49af8 elementor-widget elementor-widget-text-editor\" data-id=\"23c49af8\" data-element_type=\"widget\" data-e-type=\"widget\" data-widget_type=\"text-editor.default\">\n\t\t\t\t<div class=\"elementor-widget-container\">\n\t\t\t\t\t\t\t\t\t<p>In der Ausf\u00fchrungsplanung werden alle technischen Details und baulichen Ma\u00dfnahmen exakt definiert, um eine reibungslose und effiziente Bauausf\u00fchrung zu gew\u00e4hrleisten. Wir erstellen f\u00fcr Sie pr\u00e4zise Pl\u00e4ne, Schnitte und Detailzeichnungen, die alle notwendigen Informationen enthalten, um die geplanten Ma\u00dfnahmen vor Ort fehlerfrei umzusetzen.<br \/><br \/>Dabei ber\u00fccksichtigen wir bauliche Anforderungen, gesetzliche Vorgaben, Berechnungen und Nachweise von Fachplaner und sorgen daf\u00fcr, dass f\u00fcr alle beteiligten Gewerke koordinierte und vollst\u00e4ndige Ausf\u00fchrungspl\u00e4ne entstehen.<br \/><br \/>Unser Ziel ist es, dass Ihr Bauprojekt termingerecht, kostenbewusst und in h\u00f6chster Qualit\u00e4t realisiert wird.<\/p>\t\t\t\t\t\t\t\t<\/div>\n\t\t\t\t<\/div>\n\t\t\t\t\t<\/div>\n\t\t\t\t<\/div>\n\t\t\t\t\t<\/div>\n\t\t\t\t<\/div>\n\t\t<div class=\"elementor-element elementor-element-53d61067 e-flex e-con-boxed e-con e-parent\" data-id=\"53d61067\" data-element_type=\"container\" data-e-type=\"container\" data-settings=\"{&quot;background_background&quot;:&quot;classic&quot;}\">\n\t\t\t\t\t<div class=\"e-con-inner\">\n\t\t<div class=\"elementor-element elementor-element-24e60713 e-flex e-con-boxed e-con e-child\" data-id=\"24e60713\" data-element_type=\"container\" data-e-type=\"container\">\n\t\t\t\t\t<div class=\"e-con-inner\">\n\t\t<div class=\"elementor-element elementor-element-6ecd69c e-con-full e-flex e-con e-child\" data-id=\"6ecd69c\" data-element_type=\"container\" data-e-type=\"container\">\n\t\t\t\t<\/div>\n\t\t<div class=\"elementor-element elementor-element-5a15cd2d e-con-full e-flex e-con e-child\" data-id=\"5a15cd2d\" data-element_type=\"container\" data-e-type=\"container\">\n\t\t\t\t<\/div>\n\t\t\t\t\t<\/div>\n\t\t\t\t<\/div>\n\t\t\t\t\t<\/div>\n\t\t\t\t<\/div>\n\t\t\t\t<\/div>\n\t\t","protected":false},"excerpt":{"rendered":"<p>Ausf\u00fchrungsplanung In der Ausf\u00fchrungsplanung werden alle technischen Details und baulichen Ma\u00dfnahmen exakt definiert, um eine reibungslose und effiziente Bauausf\u00fchrung zu gew\u00e4hrleisten. Wir erstellen f\u00fcr Sie pr\u00e4zise Pl\u00e4ne, Schnitte und Detailzeichnungen, die alle notwendigen Informationen enthalten, um die geplanten Ma\u00dfnahmen vor Ort fehlerfrei umzusetzen. Dabei ber\u00fccksichtigen wir bauliche Anforderungen, gesetzliche Vorgaben, Berechnungen und Nachweise von Fachplaner [&hellip;]<\/p>\n","protected":false},"author":1,"featured_media":0,"parent":0,"menu_order":0,"comment_status":"closed","ping_status":"closed","template":"elementor_header_footer","meta":{"two_page_speed":[],"footnotes":""},"class_list":["post-909","page","type-page","status-publish","hentry"],"_links":{"self":[{"href":"https:\/\/archprojekt.de\/index.php\/wp-json\/wp\/v2\/pages\/909","targetHints":{"allow":["GET"]}}],"collection":[{"href":"https:\/\/archprojekt.de\/index.php\/wp-json\/wp\/v2\/pages"}],"about":[{"href":"https:\/\/archprojekt.de\/index.php\/wp-json\/wp\/v2\/types\/page"}],"author":[{"embeddable":true,"href":"https:\/\/archprojekt.de\/index.php\/wp-json\/wp\/v2\/users\/1"}],"replies":[{"embeddable":true,"href":"https:\/\/archprojekt.de\/index.php\/wp-json\/wp\/v2\/comments?post=909"}],"version-history":[{"count":7,"href":"https:\/\/archprojekt.de\/index.php\/wp-json\/wp\/v2\/pages\/909\/revisions"}],"predecessor-version":[{"id":2511,"href":"https:\/\/archprojekt.de\/index.php\/wp-json\/wp\/v2\/pages\/909\/revisions\/2511"}],"wp:attachment":[{"href":"https:\/\/archprojekt.de\/index.php\/wp-json\/wp\/v2\/media?parent=909"}],"curies":[{"name":"wp","href":"https:\/\/api.w.org\/{rel}","templated":true}]}}