{"id":921,"date":"2024-08-22T13:29:28","date_gmt":"2024-08-22T11:29:28","guid":{"rendered":"https:\/\/archprojekt.de\/?page_id=921"},"modified":"2025-02-21T11:52:31","modified_gmt":"2025-02-21T10:52:31","slug":"architektur-bauantragsplanung","status":"publish","type":"page","link":"https:\/\/archprojekt.de\/index.php\/architektur-bauantragsplanung\/","title":{"rendered":"Architektur &#8211; Bauantragsplanung"},"content":{"rendered":"\t\t<div data-elementor-type=\"wp-page\" data-elementor-id=\"921\" class=\"elementor elementor-921\" data-elementor-post-type=\"page\">\n\t\t\t\t<div class=\"elementor-element elementor-element-6a5f7ae7 e-flex e-con-boxed e-con e-parent\" data-id=\"6a5f7ae7\" data-element_type=\"container\" data-e-type=\"container\">\n\t\t\t\t\t<div class=\"e-con-inner\">\n\t\t<div class=\"elementor-element elementor-element-323b09fd e-flex e-con-boxed e-con e-child\" data-id=\"323b09fd\" data-element_type=\"container\" data-e-type=\"container\">\n\t\t\t\t\t<div class=\"e-con-inner\">\n\t\t\t\t<div class=\"elementor-element elementor-element-3372f452 elementor-widget elementor-widget-image\" data-id=\"3372f452\" data-element_type=\"widget\" data-e-type=\"widget\" data-widget_type=\"image.default\">\n\t\t\t\t<div class=\"elementor-widget-container\">\n\t\t\t\t\t\t\t\t\t\t\t\t\t\t\t<img fetchpriority=\"high\" decoding=\"async\" width=\"800\" height=\"534\" src=\"https:\/\/archprojekt.de\/wp-content\/uploads\/2024\/08\/Bauantragsplanung.svg\" class=\"attachment-large size-large wp-image-925\" alt=\"\" \/>\t\t\t\t\t\t\t\t\t\t\t\t\t\t\t<\/div>\n\t\t\t\t<\/div>\n\t\t\t\t<div class=\"elementor-element elementor-element-74d4ead7 elementor-widget elementor-widget-heading\" data-id=\"74d4ead7\" data-element_type=\"widget\" data-e-type=\"widget\" data-widget_type=\"heading.default\">\n\t\t\t\t<div class=\"elementor-widget-container\">\n\t\t\t\t\t<h2 class=\"elementor-heading-title elementor-size-default\">Bauantragsplanung<\/h2>\t\t\t\t<\/div>\n\t\t\t\t<\/div>\n\t\t\t\t\t<\/div>\n\t\t\t\t<\/div>\n\t\t\t\t\t<\/div>\n\t\t\t\t<\/div>\n\t\t<div class=\"elementor-element elementor-element-1625cf8 e-flex e-con-boxed e-con e-parent\" data-id=\"1625cf8\" data-element_type=\"container\" data-e-type=\"container\" data-settings=\"{&quot;background_background&quot;:&quot;classic&quot;}\">\n\t\t\t\t\t<div class=\"e-con-inner\">\n\t\t<div class=\"elementor-element elementor-element-1c7aa54f e-flex e-con-boxed e-con e-child\" data-id=\"1c7aa54f\" data-element_type=\"container\" data-e-type=\"container\">\n\t\t\t\t\t<div class=\"e-con-inner\">\n\t\t\t\t<div class=\"elementor-element elementor-element-be3dcc elementor-widget elementor-widget-text-editor\" data-id=\"be3dcc\" data-element_type=\"widget\" data-e-type=\"widget\" data-widget_type=\"text-editor.default\">\n\t\t\t\t<div class=\"elementor-widget-container\">\n\t\t\t\t\t\t\t\t\t<p>Die Bauantragsplanung stellt sicher, dass alle baulichen Ma\u00dfnahmen den geltenden gesetzlichen Vorschriften entsprechen und von den zust\u00e4ndigen Beh\u00f6rden genehmigt werden. Im Rahmen dieser Planungsphase erstellen wir f\u00fcr Sie alle notwendigen Pl\u00e4ne, Berechnungen und Unterlagen, die f\u00fcr die Einreichung eines Bauantrags erforderlich sind. Dabei achten wir darauf, dass alle Vorschriften des Baugesetzbuchs, der Landesbauordnung sowie lokale Bebauungspl\u00e4ne eingehalten werden.<br \/><br \/>Wir begleiten Sie durch den gesamten Genehmigungsprozess und stehen in engem Austausch mit den zust\u00e4ndigen Beh\u00f6rden, um sicherzustellen, dass Ihr Bauantrag z\u00fcgig bearbeitet wird.<br \/><br \/>Ein von uns erstellter Bauantrag minimiert das Risiko von Verz\u00f6gerungen und Nachforderungen im Genehmigungsverfahren und bringt Ihr Bauprojekt sicher und effizient auf den Weg.<\/p>\t\t\t\t\t\t\t\t<\/div>\n\t\t\t\t<\/div>\n\t\t\t\t\t<\/div>\n\t\t\t\t<\/div>\n\t\t\t\t\t<\/div>\n\t\t\t\t<\/div>\n\t\t<div class=\"elementor-element elementor-element-9b78a36 e-flex e-con-boxed e-con e-parent\" data-id=\"9b78a36\" data-element_type=\"container\" data-e-type=\"container\" data-settings=\"{&quot;background_background&quot;:&quot;classic&quot;}\">\n\t\t\t\t\t<div class=\"e-con-inner\">\n\t\t<div class=\"elementor-element elementor-element-1692cce e-flex e-con-boxed e-con e-child\" data-id=\"1692cce\" data-element_type=\"container\" data-e-type=\"container\">\n\t\t\t\t\t<div class=\"e-con-inner\">\n\t\t<div class=\"elementor-element elementor-element-5cf6639f e-con-full e-flex e-con e-child\" data-id=\"5cf6639f\" data-element_type=\"container\" data-e-type=\"container\">\n\t\t\t\t<\/div>\n\t\t<div class=\"elementor-element elementor-element-759c63a6 e-con-full e-flex e-con e-child\" data-id=\"759c63a6\" data-element_type=\"container\" data-e-type=\"container\">\n\t\t\t\t<\/div>\n\t\t\t\t\t<\/div>\n\t\t\t\t<\/div>\n\t\t\t\t\t<\/div>\n\t\t\t\t<\/div>\n\t\t\t\t<\/div>\n\t\t","protected":false},"excerpt":{"rendered":"<p>Bauantragsplanung Die Bauantragsplanung stellt sicher, dass alle baulichen Ma\u00dfnahmen den geltenden gesetzlichen Vorschriften entsprechen und von den zust\u00e4ndigen Beh\u00f6rden genehmigt werden. Im Rahmen dieser Planungsphase erstellen wir f\u00fcr Sie alle notwendigen Pl\u00e4ne, Berechnungen und Unterlagen, die f\u00fcr die Einreichung eines Bauantrags erforderlich sind. Dabei achten wir darauf, dass alle Vorschriften des Baugesetzbuchs, der Landesbauordnung sowie [&hellip;]<\/p>\n","protected":false},"author":1,"featured_media":0,"parent":0,"menu_order":0,"comment_status":"closed","ping_status":"closed","template":"elementor_header_footer","meta":{"two_page_speed":[],"footnotes":""},"class_list":["post-921","page","type-page","status-publish","hentry"],"_links":{"self":[{"href":"https:\/\/archprojekt.de\/index.php\/wp-json\/wp\/v2\/pages\/921","targetHints":{"allow":["GET"]}}],"collection":[{"href":"https:\/\/archprojekt.de\/index.php\/wp-json\/wp\/v2\/pages"}],"about":[{"href":"https:\/\/archprojekt.de\/index.php\/wp-json\/wp\/v2\/types\/page"}],"author":[{"embeddable":true,"href":"https:\/\/archprojekt.de\/index.php\/wp-json\/wp\/v2\/users\/1"}],"replies":[{"embeddable":true,"href":"https:\/\/archprojekt.de\/index.php\/wp-json\/wp\/v2\/comments?post=921"}],"version-history":[{"count":10,"href":"https:\/\/archprojekt.de\/index.php\/wp-json\/wp\/v2\/pages\/921\/revisions"}],"predecessor-version":[{"id":2514,"href":"https:\/\/archprojekt.de\/index.php\/wp-json\/wp\/v2\/pages\/921\/revisions\/2514"}],"wp:attachment":[{"href":"https:\/\/archprojekt.de\/index.php\/wp-json\/wp\/v2\/media?parent=921"}],"curies":[{"name":"wp","href":"https:\/\/api.w.org\/{rel}","templated":true}]}}