{"id":936,"date":"2024-08-22T13:41:39","date_gmt":"2024-08-22T11:41:39","guid":{"rendered":"https:\/\/archprojekt.de\/?page_id=936"},"modified":"2025-02-21T11:55:14","modified_gmt":"2025-02-21T10:55:14","slug":"architektur-beratung","status":"publish","type":"page","link":"https:\/\/archprojekt.de\/index.php\/architektur-beratung\/","title":{"rendered":"Architektur &#8211; Beratung"},"content":{"rendered":"\t\t<div data-elementor-type=\"wp-page\" data-elementor-id=\"936\" class=\"elementor elementor-936\" data-elementor-post-type=\"page\">\n\t\t\t\t<div class=\"elementor-element elementor-element-5c8f527e e-flex e-con-boxed e-con e-parent\" data-id=\"5c8f527e\" data-element_type=\"container\" data-e-type=\"container\">\n\t\t\t\t\t<div class=\"e-con-inner\">\n\t\t<div class=\"elementor-element elementor-element-3bf2e36c e-flex e-con-boxed e-con e-child\" data-id=\"3bf2e36c\" data-element_type=\"container\" data-e-type=\"container\">\n\t\t\t\t\t<div class=\"e-con-inner\">\n\t\t\t\t<div class=\"elementor-element elementor-element-54a8a1c2 elementor-widget elementor-widget-image\" data-id=\"54a8a1c2\" data-element_type=\"widget\" data-e-type=\"widget\" data-widget_type=\"image.default\">\n\t\t\t\t<div class=\"elementor-widget-container\">\n\t\t\t\t\t\t\t\t\t\t\t\t\t\t\t<img fetchpriority=\"high\" decoding=\"async\" width=\"800\" height=\"534\" src=\"https:\/\/archprojekt.de\/wp-content\/uploads\/2024\/08\/Beratung-und-Grundlagenermittlung.svg\" class=\"attachment-large size-large wp-image-938\" alt=\"\" \/>\t\t\t\t\t\t\t\t\t\t\t\t\t\t\t<\/div>\n\t\t\t\t<\/div>\n\t\t\t\t<div class=\"elementor-element elementor-element-49ae9df7 elementor-widget elementor-widget-heading\" data-id=\"49ae9df7\" data-element_type=\"widget\" data-e-type=\"widget\" data-widget_type=\"heading.default\">\n\t\t\t\t<div class=\"elementor-widget-container\">\n\t\t\t\t\t<h2 class=\"elementor-heading-title elementor-size-default\">Beratung und Grundlagenermittlung<\/h2>\t\t\t\t<\/div>\n\t\t\t\t<\/div>\n\t\t\t\t\t<\/div>\n\t\t\t\t<\/div>\n\t\t\t\t\t<\/div>\n\t\t\t\t<\/div>\n\t\t<div class=\"elementor-element elementor-element-1a85ef10 e-flex e-con-boxed e-con e-parent\" data-id=\"1a85ef10\" data-element_type=\"container\" data-e-type=\"container\" data-settings=\"{&quot;background_background&quot;:&quot;classic&quot;}\">\n\t\t\t\t\t<div class=\"e-con-inner\">\n\t\t<div class=\"elementor-element elementor-element-1f3aaba1 e-flex e-con-boxed e-con e-child\" data-id=\"1f3aaba1\" data-element_type=\"container\" data-e-type=\"container\">\n\t\t\t\t\t<div class=\"e-con-inner\">\n\t\t\t\t<div class=\"elementor-element elementor-element-246bb077 elementor-widget elementor-widget-text-editor\" data-id=\"246bb077\" data-element_type=\"widget\" data-e-type=\"widget\" data-widget_type=\"text-editor.default\">\n\t\t\t\t<div class=\"elementor-widget-container\">\n\t\t\t\t\t\t\t\t\t<p>Die Grundlagenermittlung ist der erste Schritt in jedem Bauprojekt und bildet das Fundament f\u00fcr alle weiteren Planungen. In dieser Phase analysieren wir Ihre W\u00fcnsche und Anforderungen und pr\u00fcfen gleichzeitig die baulichen, rechtlichen und wirtschaftlichen Rahmenbedingungen Ihres Vorhabens. Dabei betrachten wir unter anderem den Standort, die Bebauungsm\u00f6glichkeiten, die vorhandene Infrastruktur sowie die geltenden Bauvorschriften.<br \/><br \/>Unsere individuelle Beratung gibt Ihnen eine klare Vorstellung davon, welche M\u00f6glichkeiten und Herausforderungen Ihr Projekt bietet. Gemeinsam entwickeln wir erste Entw\u00fcrfe und Konzepte, die Ihre Ideen und Visionen aufgreifen. Dabei beziehen wir s\u00e4mtliche relevante Faktoren ein, um sicherzustellen, dass Ihr Bauvorhaben realisierbar ist und den gesetzlichen Vorgaben entspricht.<br \/><br \/>Unser Ziel ist es, Ihnen eine fundierte Entscheidungsgrundlage zu bieten, damit Sie Ihr Projekt sicher und erfolgreich in die n\u00e4chste Planungsphase \u00fcberf\u00fchren k\u00f6nnen. Die Grundlagenermittlung ist dabei der Schl\u00fcssel, um sp\u00e4tere Planungsfehler zu vermeiden und von Anfang an Kosten, Zeit und Ressourcen optimal zu steuern.<\/p>\t\t\t\t\t\t\t\t<\/div>\n\t\t\t\t<\/div>\n\t\t\t\t\t<\/div>\n\t\t\t\t<\/div>\n\t\t\t\t\t<\/div>\n\t\t\t\t<\/div>\n\t\t<div class=\"elementor-element elementor-element-719a35d5 e-flex e-con-boxed e-con e-parent\" data-id=\"719a35d5\" data-element_type=\"container\" data-e-type=\"container\" data-settings=\"{&quot;background_background&quot;:&quot;classic&quot;}\">\n\t\t\t\t\t<div class=\"e-con-inner\">\n\t\t<div class=\"elementor-element elementor-element-223c94ee e-flex e-con-boxed e-con e-child\" data-id=\"223c94ee\" data-element_type=\"container\" data-e-type=\"container\">\n\t\t\t\t\t<div class=\"e-con-inner\">\n\t\t<div class=\"elementor-element elementor-element-fe164b1 e-con-full e-flex e-con e-child\" data-id=\"fe164b1\" data-element_type=\"container\" data-e-type=\"container\">\n\t\t\t\t<\/div>\n\t\t\t\t\t<\/div>\n\t\t\t\t<\/div>\n\t\t\t\t\t<\/div>\n\t\t\t\t<\/div>\n\t\t\t\t<\/div>\n\t\t","protected":false},"excerpt":{"rendered":"<p>Beratung und Grundlagenermittlung Die Grundlagenermittlung ist der erste Schritt in jedem Bauprojekt und bildet das Fundament f\u00fcr alle weiteren Planungen. In dieser Phase analysieren wir Ihre W\u00fcnsche und Anforderungen und pr\u00fcfen gleichzeitig die baulichen, rechtlichen und wirtschaftlichen Rahmenbedingungen Ihres Vorhabens. Dabei betrachten wir unter anderem den Standort, die Bebauungsm\u00f6glichkeiten, die vorhandene Infrastruktur sowie die geltenden [&hellip;]<\/p>\n","protected":false},"author":1,"featured_media":0,"parent":0,"menu_order":0,"comment_status":"closed","ping_status":"closed","template":"elementor_header_footer","meta":{"two_page_speed":[],"footnotes":""},"class_list":["post-936","page","type-page","status-publish","hentry"],"_links":{"self":[{"href":"https:\/\/archprojekt.de\/index.php\/wp-json\/wp\/v2\/pages\/936","targetHints":{"allow":["GET"]}}],"collection":[{"href":"https:\/\/archprojekt.de\/index.php\/wp-json\/wp\/v2\/pages"}],"about":[{"href":"https:\/\/archprojekt.de\/index.php\/wp-json\/wp\/v2\/types\/page"}],"author":[{"embeddable":true,"href":"https:\/\/archprojekt.de\/index.php\/wp-json\/wp\/v2\/users\/1"}],"replies":[{"embeddable":true,"href":"https:\/\/archprojekt.de\/index.php\/wp-json\/wp\/v2\/comments?post=936"}],"version-history":[{"count":13,"href":"https:\/\/archprojekt.de\/index.php\/wp-json\/wp\/v2\/pages\/936\/revisions"}],"predecessor-version":[{"id":2085,"href":"https:\/\/archprojekt.de\/index.php\/wp-json\/wp\/v2\/pages\/936\/revisions\/2085"}],"wp:attachment":[{"href":"https:\/\/archprojekt.de\/index.php\/wp-json\/wp\/v2\/media?parent=936"}],"curies":[{"name":"wp","href":"https:\/\/api.w.org\/{rel}","templated":true}]}}