{"id":963,"date":"2024-08-22T14:00:54","date_gmt":"2024-08-22T12:00:54","guid":{"rendered":"https:\/\/archprojekt.de\/?page_id=963"},"modified":"2025-02-21T12:36:32","modified_gmt":"2025-02-21T11:36:32","slug":"architektur-nutzungsaenderung","status":"publish","type":"page","link":"https:\/\/archprojekt.de\/index.php\/architektur-nutzungsaenderung\/","title":{"rendered":"Architektur &#8211; Nutzungs\u00e4nderung"},"content":{"rendered":"\t\t<div data-elementor-type=\"wp-page\" data-elementor-id=\"963\" class=\"elementor elementor-963\" data-elementor-post-type=\"page\">\n\t\t\t\t<div class=\"elementor-element elementor-element-6f98cfe4 e-flex e-con-boxed e-con e-parent\" data-id=\"6f98cfe4\" data-element_type=\"container\" data-e-type=\"container\">\n\t\t\t\t\t<div class=\"e-con-inner\">\n\t\t<div class=\"elementor-element elementor-element-9b5ef3c e-flex e-con-boxed e-con e-child\" data-id=\"9b5ef3c\" data-element_type=\"container\" data-e-type=\"container\">\n\t\t\t\t\t<div class=\"e-con-inner\">\n\t\t\t\t<div class=\"elementor-element elementor-element-695c0b7b elementor-widget elementor-widget-image\" data-id=\"695c0b7b\" data-element_type=\"widget\" data-e-type=\"widget\" data-widget_type=\"image.default\">\n\t\t\t\t<div class=\"elementor-widget-container\">\n\t\t\t\t\t\t\t\t\t\t\t\t\t\t\t<img fetchpriority=\"high\" decoding=\"async\" width=\"800\" height=\"533\" src=\"https:\/\/archprojekt.de\/wp-content\/uploads\/2024\/08\/Architektur_Grafik1_2.svg\" class=\"attachment-large size-large wp-image-86\" alt=\"\" \/>\t\t\t\t\t\t\t\t\t\t\t\t\t\t\t<\/div>\n\t\t\t\t<\/div>\n\t\t\t\t<div class=\"elementor-element elementor-element-57db018b elementor-widget elementor-widget-heading\" data-id=\"57db018b\" data-element_type=\"widget\" data-e-type=\"widget\" data-widget_type=\"heading.default\">\n\t\t\t\t<div class=\"elementor-widget-container\">\n\t\t\t\t\t<h2 class=\"elementor-heading-title elementor-size-default\">Nutzungs\u00e4nderung<\/h2>\t\t\t\t<\/div>\n\t\t\t\t<\/div>\n\t\t\t\t\t<\/div>\n\t\t\t\t<\/div>\n\t\t\t\t\t<\/div>\n\t\t\t\t<\/div>\n\t\t<div class=\"elementor-element elementor-element-ae413e7 e-flex e-con-boxed e-con e-parent\" data-id=\"ae413e7\" data-element_type=\"container\" data-e-type=\"container\" data-settings=\"{&quot;background_background&quot;:&quot;classic&quot;}\">\n\t\t\t\t\t<div class=\"e-con-inner\">\n\t\t<div class=\"elementor-element elementor-element-38b41078 e-flex e-con-boxed e-con e-child\" data-id=\"38b41078\" data-element_type=\"container\" data-e-type=\"container\">\n\t\t\t\t\t<div class=\"e-con-inner\">\n\t\t\t\t<div class=\"elementor-element elementor-element-1a6173f9 elementor-widget elementor-widget-text-editor\" data-id=\"1a6173f9\" data-element_type=\"widget\" data-e-type=\"widget\" data-widget_type=\"text-editor.default\">\n\t\t\t\t<div class=\"elementor-widget-container\">\n\t\t\t\t\t\t\t\t\t<p>Eine Nutzungs\u00e4nderung bedeutet, dass ein Geb\u00e4ude oder eine bestimmte Fl\u00e4che zuk\u00fcnftig f\u00fcr einen anderen Zweck genutzt werden soll als urspr\u00fcnglich vorgesehen. Dies kann beispielsweise bei der Umwandlung von B\u00fcrofl\u00e4chen in Wohnraum, der Umnutzung von Gewerbeimmobilien oder der Erweiterung eines bestehenden Geb\u00e4udes erforderlich sein. Jede Nutzungs\u00e4nderung unterliegt gesetzlichen Vorgaben und erfordert in der Regel eine beh\u00f6rdliche Genehmigung.<br \/><br \/>Wir unterst\u00fctzen Sie dabei, die baurechtlichen und planungsrechtlichen Voraussetzungen f\u00fcr Ihre Nutzungs\u00e4nderung zu pr\u00fcfen und den Genehmigungsprozess professionell zu begleiten. Dabei erstellen wir f\u00fcr Sie alle notwendigen Pl\u00e4ne, Berechnungen und Antr\u00e4ge, um sicherzustellen, dass die baulichen Ma\u00dfnahmen rechtlich und technisch einwandfrei durchgef\u00fchrt werden k\u00f6nnen. Gleichzeitig achten wir darauf, dass Ihre individuellen Anforderungen und W\u00fcnsche in die Planung einflie\u00dfen.<\/p>\t\t\t\t\t\t\t\t<\/div>\n\t\t\t\t<\/div>\n\t\t\t\t\t<\/div>\n\t\t\t\t<\/div>\n\t\t\t\t\t<\/div>\n\t\t\t\t<\/div>\n\t\t<div class=\"elementor-element elementor-element-6b49790d e-flex e-con-boxed e-con e-parent\" data-id=\"6b49790d\" data-element_type=\"container\" data-e-type=\"container\" data-settings=\"{&quot;background_background&quot;:&quot;classic&quot;}\">\n\t\t\t\t\t<div class=\"e-con-inner\">\n\t\t<div class=\"elementor-element elementor-element-2e8aadd e-flex e-con-boxed e-con e-child\" data-id=\"2e8aadd\" data-element_type=\"container\" data-e-type=\"container\">\n\t\t\t\t\t<div class=\"e-con-inner\">\n\t\t<div class=\"elementor-element elementor-element-6e63b05a e-con-full e-flex e-con e-child\" data-id=\"6e63b05a\" data-element_type=\"container\" data-e-type=\"container\">\n\t\t\t\t<\/div>\n\t\t<div class=\"elementor-element elementor-element-7f43303c e-con-full e-flex e-con e-child\" data-id=\"7f43303c\" data-element_type=\"container\" data-e-type=\"container\">\n\t\t\t\t<\/div>\n\t\t\t\t\t<\/div>\n\t\t\t\t<\/div>\n\t\t\t\t\t<\/div>\n\t\t\t\t<\/div>\n\t\t\t\t<\/div>\n\t\t","protected":false},"excerpt":{"rendered":"<p>Nutzungs\u00e4nderung Eine Nutzungs\u00e4nderung bedeutet, dass ein Geb\u00e4ude oder eine bestimmte Fl\u00e4che zuk\u00fcnftig f\u00fcr einen anderen Zweck genutzt werden soll als urspr\u00fcnglich vorgesehen. Dies kann beispielsweise bei der Umwandlung von B\u00fcrofl\u00e4chen in Wohnraum, der Umnutzung von Gewerbeimmobilien oder der Erweiterung eines bestehenden Geb\u00e4udes erforderlich sein. Jede Nutzungs\u00e4nderung unterliegt gesetzlichen Vorgaben und erfordert in der Regel eine [&hellip;]<\/p>\n","protected":false},"author":1,"featured_media":0,"parent":0,"menu_order":0,"comment_status":"closed","ping_status":"closed","template":"elementor_header_footer","meta":{"two_page_speed":[],"footnotes":""},"class_list":["post-963","page","type-page","status-publish","hentry"],"_links":{"self":[{"href":"https:\/\/archprojekt.de\/index.php\/wp-json\/wp\/v2\/pages\/963","targetHints":{"allow":["GET"]}}],"collection":[{"href":"https:\/\/archprojekt.de\/index.php\/wp-json\/wp\/v2\/pages"}],"about":[{"href":"https:\/\/archprojekt.de\/index.php\/wp-json\/wp\/v2\/types\/page"}],"author":[{"embeddable":true,"href":"https:\/\/archprojekt.de\/index.php\/wp-json\/wp\/v2\/users\/1"}],"replies":[{"embeddable":true,"href":"https:\/\/archprojekt.de\/index.php\/wp-json\/wp\/v2\/comments?post=963"}],"version-history":[{"count":7,"href":"https:\/\/archprojekt.de\/index.php\/wp-json\/wp\/v2\/pages\/963\/revisions"}],"predecessor-version":[{"id":2517,"href":"https:\/\/archprojekt.de\/index.php\/wp-json\/wp\/v2\/pages\/963\/revisions\/2517"}],"wp:attachment":[{"href":"https:\/\/archprojekt.de\/index.php\/wp-json\/wp\/v2\/media?parent=963"}],"curies":[{"name":"wp","href":"https:\/\/api.w.org\/{rel}","templated":true}]}}